{"id":19183,"date":"2023-02-22T11:51:19","date_gmt":"2023-02-22T11:51:19","guid":{"rendered":"https:\/\/seminarioequatorial.com.br\/conta-de-associacao\/pagamento-da-associacao\/"},"modified":"2023-02-22T11:51:19","modified_gmt":"2023-02-22T11:51:19","slug":"pagamento-da-associacao","status":"publish","type":"page","link":"https:\/\/seminarioequatorial.com.br\/en\/conta-de-associacao\/pagamento-da-associacao\/","title":{"rendered":"Pagamento da associa\u00e7\u00e3o"},"content":{"rendered":"<p>[pmpro_checkout]<\/p>\n","protected":false},"excerpt":{"rendered":"<p>[pmpro_checkout]<\/p>\n","protected":false},"author":1,"featured_media":0,"parent":19180,"menu_order":0,"comment_status":"closed","ping_status":"closed","template":"","meta":{"pmpro_default_level":"","_joinchat":[],"footnotes":""},"class_list":["post-19183","page","type-page","status-publish","hentry","pmpro-has-access"],"yoast_head":"<!-- This site is optimized with the Yoast SEO Premium plugin v27.3 (Yoast SEO v27.2) - https:\/\/yoast.com\/product\/yoast-seo-premium-wordpress\/ -->\n<title>Pagamento da associa\u00e7\u00e3o - Semin\u00e1rio Equatorial<\/title>\n<meta name=\"robots\" content=\"index, follow, max-snippet:-1, max-image-preview:large, max-video-preview:-1\" \/>\n<link rel=\"canonical\" href=\"https:\/\/seminarioequatorial.com.br\/en\/conta-de-associacao\/pagamento-da-associacao\/\" \/>\n<meta property=\"og:locale\" content=\"en_US\" \/>\n<meta property=\"og:type\" content=\"article\" \/>\n<meta property=\"og:title\" content=\"Pagamento da associa\u00e7\u00e3o - Semin\u00e1rio Equatorial\" \/>\n<meta property=\"og:description\" content=\"[pmpro_checkout]\" \/>\n<meta property=\"og:url\" content=\"https:\/\/seminarioequatorial.com.br\/en\/conta-de-associacao\/pagamento-da-associacao\/\" \/>\n<meta property=\"og:site_name\" content=\"Semin\u00e1rio Equatorial\" \/>\n<meta name=\"twitter:card\" content=\"summary_large_image\" \/>\n<script type=\"application\/ld+json\" class=\"yoast-schema-graph\">{\"@context\":\"https:\/\/schema.org\",\"@graph\":[{\"@type\":\"WebPage\",\"@id\":\"https:\/\/seminarioequatorial.com.br\/conta-de-associacao\/pagamento-da-associacao\/\",\"url\":\"https:\/\/seminarioequatorial.com.br\/conta-de-associacao\/pagamento-da-associacao\/\",\"name\":\"Pagamento da associa\u00e7\u00e3o - Semin\u00e1rio Equatorial\",\"isPartOf\":{\"@id\":\"https:\/\/seminarioequatorial.com.br\/#website\"},\"datePublished\":\"2023-02-22T11:51:19+00:00\",\"breadcrumb\":{\"@id\":\"https:\/\/seminarioequatorial.com.br\/conta-de-associacao\/pagamento-da-associacao\/#breadcrumb\"},\"inLanguage\":\"en-US\",\"potentialAction\":[{\"@type\":\"ReadAction\",\"target\":[\"https:\/\/seminarioequatorial.com.br\/conta-de-associacao\/pagamento-da-associacao\/\"]}]},{\"@type\":\"BreadcrumbList\",\"@id\":\"https:\/\/seminarioequatorial.com.br\/conta-de-associacao\/pagamento-da-associacao\/#breadcrumb\",\"itemListElement\":[{\"@type\":\"ListItem\",\"position\":1,\"name\":\"In\u00edcio\",\"item\":\"https:\/\/seminarioequatorial.com.br\/\"},{\"@type\":\"ListItem\",\"position\":2,\"name\":\"Conta de associa\u00e7\u00e3o\",\"item\":\"https:\/\/seminarioequatorial.com.br\/conta-de-associacao\/\"},{\"@type\":\"ListItem\",\"position\":3,\"name\":\"Pagamento da associa\u00e7\u00e3o\"}]},{\"@type\":\"WebSite\",\"@id\":\"https:\/\/seminarioequatorial.com.br\/#website\",\"url\":\"https:\/\/seminarioequatorial.com.br\/\",\"name\":\"Semin\u00e1rio Equatorial\",\"description\":\"Faculdade Teol\u00f3gica Batista Equatorial\",\"publisher\":{\"@id\":\"https:\/\/seminarioequatorial.com.br\/#organization\"},\"potentialAction\":[{\"@type\":\"SearchAction\",\"target\":{\"@type\":\"EntryPoint\",\"urlTemplate\":\"https:\/\/seminarioequatorial.com.br\/?s={search_term_string}\"},\"query-input\":{\"@type\":\"PropertyValueSpecification\",\"valueRequired\":true,\"valueName\":\"search_term_string\"}}],\"inLanguage\":\"en-US\"},{\"@type\":\"Organization\",\"@id\":\"https:\/\/seminarioequatorial.com.br\/#organization\",\"name\":\"Semin\u00e1rio Equatorial\",\"url\":\"https:\/\/seminarioequatorial.com.br\/\",\"logo\":{\"@type\":\"ImageObject\",\"inLanguage\":\"en-US\",\"@id\":\"https:\/\/seminarioequatorial.com.br\/#\/schema\/logo\/image\/\",\"url\":\"https:\/\/seminarioequatorial.com.br\/wp-content\/uploads\/2023\/02\/Logo-marca-2.png\",\"contentUrl\":\"https:\/\/seminarioequatorial.com.br\/wp-content\/uploads\/2023\/02\/Logo-marca-2.png\",\"width\":180,\"height\":62,\"caption\":\"Semin\u00e1rio Equatorial\"},\"image\":{\"@id\":\"https:\/\/seminarioequatorial.com.br\/#\/schema\/logo\/image\/\"}}]}<\/script>\n<!-- \/ Yoast SEO Premium plugin. -->","yoast_head_json":{"title":"Pagamento da associa\u00e7\u00e3o - Semin\u00e1rio Equatorial","robots":{"index":"index","follow":"follow","max-snippet":"max-snippet:-1","max-image-preview":"max-image-preview:large","max-video-preview":"max-video-preview:-1"},"canonical":"https:\/\/seminarioequatorial.com.br\/en\/conta-de-associacao\/pagamento-da-associacao\/","og_locale":"en_US","og_type":"article","og_title":"Pagamento da associa\u00e7\u00e3o - Semin\u00e1rio Equatorial","og_description":"[pmpro_checkout]","og_url":"https:\/\/seminarioequatorial.com.br\/en\/conta-de-associacao\/pagamento-da-associacao\/","og_site_name":"Semin\u00e1rio Equatorial","twitter_card":"summary_large_image","schema":{"@context":"https:\/\/schema.org","@graph":[{"@type":"WebPage","@id":"https:\/\/seminarioequatorial.com.br\/conta-de-associacao\/pagamento-da-associacao\/","url":"https:\/\/seminarioequatorial.com.br\/conta-de-associacao\/pagamento-da-associacao\/","name":"Pagamento da associa\u00e7\u00e3o - Semin\u00e1rio Equatorial","isPartOf":{"@id":"https:\/\/seminarioequatorial.com.br\/#website"},"datePublished":"2023-02-22T11:51:19+00:00","breadcrumb":{"@id":"https:\/\/seminarioequatorial.com.br\/conta-de-associacao\/pagamento-da-associacao\/#breadcrumb"},"inLanguage":"en-US","potentialAction":[{"@type":"ReadAction","target":["https:\/\/seminarioequatorial.com.br\/conta-de-associacao\/pagamento-da-associacao\/"]}]},{"@type":"BreadcrumbList","@id":"https:\/\/seminarioequatorial.com.br\/conta-de-associacao\/pagamento-da-associacao\/#breadcrumb","itemListElement":[{"@type":"ListItem","position":1,"name":"In\u00edcio","item":"https:\/\/seminarioequatorial.com.br\/"},{"@type":"ListItem","position":2,"name":"Conta de associa\u00e7\u00e3o","item":"https:\/\/seminarioequatorial.com.br\/conta-de-associacao\/"},{"@type":"ListItem","position":3,"name":"Pagamento da associa\u00e7\u00e3o"}]},{"@type":"WebSite","@id":"https:\/\/seminarioequatorial.com.br\/#website","url":"https:\/\/seminarioequatorial.com.br\/","name":"Semin\u00e1rio Equatorial","description":"Faculdade Teol\u00f3gica Batista Equatorial","publisher":{"@id":"https:\/\/seminarioequatorial.com.br\/#organization"},"potentialAction":[{"@type":"SearchAction","target":{"@type":"EntryPoint","urlTemplate":"https:\/\/seminarioequatorial.com.br\/?s={search_term_string}"},"query-input":{"@type":"PropertyValueSpecification","valueRequired":true,"valueName":"search_term_string"}}],"inLanguage":"en-US"},{"@type":"Organization","@id":"https:\/\/seminarioequatorial.com.br\/#organization","name":"Semin\u00e1rio Equatorial","url":"https:\/\/seminarioequatorial.com.br\/","logo":{"@type":"ImageObject","inLanguage":"en-US","@id":"https:\/\/seminarioequatorial.com.br\/#\/schema\/logo\/image\/","url":"https:\/\/seminarioequatorial.com.br\/wp-content\/uploads\/2023\/02\/Logo-marca-2.png","contentUrl":"https:\/\/seminarioequatorial.com.br\/wp-content\/uploads\/2023\/02\/Logo-marca-2.png","width":180,"height":62,"caption":"Semin\u00e1rio Equatorial"},"image":{"@id":"https:\/\/seminarioequatorial.com.br\/#\/schema\/logo\/image\/"}}]}},"_links":{"self":[{"href":"https:\/\/seminarioequatorial.com.br\/en\/wp-json\/wp\/v2\/pages\/19183","targetHints":{"allow":["GET"]}}],"collection":[{"href":"https:\/\/seminarioequatorial.com.br\/en\/wp-json\/wp\/v2\/pages"}],"about":[{"href":"https:\/\/seminarioequatorial.com.br\/en\/wp-json\/wp\/v2\/types\/page"}],"author":[{"embeddable":true,"href":"https:\/\/seminarioequatorial.com.br\/en\/wp-json\/wp\/v2\/users\/1"}],"replies":[{"embeddable":true,"href":"https:\/\/seminarioequatorial.com.br\/en\/wp-json\/wp\/v2\/comments?post=19183"}],"version-history":[{"count":0,"href":"https:\/\/seminarioequatorial.com.br\/en\/wp-json\/wp\/v2\/pages\/19183\/revisions"}],"up":[{"embeddable":true,"href":"https:\/\/seminarioequatorial.com.br\/en\/wp-json\/wp\/v2\/pages\/19180"}],"wp:attachment":[{"href":"https:\/\/seminarioequatorial.com.br\/en\/wp-json\/wp\/v2\/media?parent=19183"}],"curies":[{"name":"wp","href":"https:\/\/api.w.org\/{rel}","templated":true}]}}