{"id":20738,"date":"2023-07-29T13:57:34","date_gmt":"2023-07-29T13:57:34","guid":{"rendered":"https:\/\/seminarioequatorial.com.br\/?page_id=20738"},"modified":"2024-11-05T14:24:19","modified_gmt":"2024-11-05T14:24:19","slug":"area-do-aluno","status":"publish","type":"page","link":"https:\/\/seminarioequatorial.com.br\/en\/area-do-aluno\/","title":{"rendered":"\u00c1rea do Aluno"},"content":{"rendered":"<div data-elementor-type=\"wp-page\" data-elementor-id=\"20738\" class=\"elementor elementor-20738\" data-elementor-post-type=\"page\">\n\t\t\t\t\t\t<section class=\"elementor-section elementor-top-section elementor-element elementor-element-71543bb2 elementor-section-boxed elementor-section-height-default elementor-section-height-default\" data-id=\"71543bb2\" data-element_type=\"section\" data-e-type=\"section\">\n\t\t\t\t\t\t<div class=\"elementor-container elementor-column-gap-default\">\n\t\t\t\t\t<div class=\"elementor-column elementor-col-25 elementor-top-column elementor-element elementor-element-1284e25d\" data-id=\"1284e25d\" data-element_type=\"column\" data-e-type=\"column\">\n\t\t\t<div class=\"elementor-widget-wrap elementor-element-populated\">\n\t\t\t\t\t\t<div class=\"elementor-element elementor-element-18643212 elementor-view-default elementor-position-block-start elementor-mobile-position-block-start elementor-widget elementor-widget-icon-box\" data-id=\"18643212\" data-element_type=\"widget\" data-e-type=\"widget\" data-widget_type=\"icon-box.default\">\n\t\t\t\t<div class=\"elementor-widget-container\">\n\t\t\t\t\t\t\t<div class=\"elementor-icon-box-wrapper\">\n\n\t\t\t\t\t\t<div class=\"elementor-icon-box-icon\">\n\t\t\t\t<a href=\"https:\/\/batistas.jacad.com.br\/academico\/processo-seletivo\/\" class=\"elementor-icon\" tabindex=\"-1\" aria-label=\"Processo Seletivo\">\n\t\t\t\t<i aria-hidden=\"true\" class=\"tk tk-student2\"><\/i>\t\t\t\t<\/a>\n\t\t\t<\/div>\n\t\t\t\n\t\t\t\t\t\t<div class=\"elementor-icon-box-content\">\n\n\t\t\t\t\t\t\t\t\t<h3 class=\"elementor-icon-box-title\">\n\t\t\t\t\t\t<a href=\"https:\/\/batistas.jacad.com.br\/academico\/processo-seletivo\/\" >\n\t\t\t\t\t\t\tProcesso Seletivo\t\t\t\t\t\t<\/a>\n\t\t\t\t\t<\/h3>\n\t\t\t\t\n\t\t\t\t\n\t\t\t<\/div>\n\t\t\t\n\t\t<\/div>\n\t\t\t\t\t\t<\/div>\n\t\t\t\t<\/div>\n\t\t\t\t\t<\/div>\n\t\t<\/div>\n\t\t\t\t<div class=\"elementor-column elementor-col-25 elementor-top-column elementor-element elementor-element-5be650cb\" data-id=\"5be650cb\" data-element_type=\"column\" data-e-type=\"column\">\n\t\t\t<div class=\"elementor-widget-wrap elementor-element-populated\">\n\t\t\t\t\t\t<div class=\"elementor-element elementor-element-11f2583c elementor-view-default elementor-position-block-start elementor-mobile-position-block-start elementor-widget elementor-widget-icon-box\" data-id=\"11f2583c\" data-element_type=\"widget\" data-e-type=\"widget\" data-widget_type=\"icon-box.default\">\n\t\t\t\t<div class=\"elementor-widget-container\">\n\t\t\t\t\t\t\t<div class=\"elementor-icon-box-wrapper\">\n\n\t\t\t\t\t\t<div class=\"elementor-icon-box-icon\">\n\t\t\t\t<a href=\"https:\/\/classroom.google.com\/\" class=\"elementor-icon\" tabindex=\"-1\" aria-label=\"AVA\">\n\t\t\t\t<i aria-hidden=\"true\" class=\"tk tk-computer1\"><\/i>\t\t\t\t<\/a>\n\t\t\t<\/div>\n\t\t\t\n\t\t\t\t\t\t<div class=\"elementor-icon-box-content\">\n\n\t\t\t\t\t\t\t\t\t<h3 class=\"elementor-icon-box-title\">\n\t\t\t\t\t\t<a href=\"https:\/\/classroom.google.com\/\" >\n\t\t\t\t\t\t\tAVA\t\t\t\t\t\t<\/a>\n\t\t\t\t\t<\/h3>\n\t\t\t\t\n\t\t\t\t\n\t\t\t<\/div>\n\t\t\t\n\t\t<\/div>\n\t\t\t\t\t\t<\/div>\n\t\t\t\t<\/div>\n\t\t\t\t\t<\/div>\n\t\t<\/div>\n\t\t\t\t<div class=\"elementor-column elementor-col-25 elementor-top-column elementor-element elementor-element-34cc792e\" data-id=\"34cc792e\" data-element_type=\"column\" data-e-type=\"column\">\n\t\t\t<div class=\"elementor-widget-wrap elementor-element-populated\">\n\t\t\t\t\t\t<div class=\"elementor-element elementor-element-c376830 elementor-view-default elementor-position-block-start elementor-mobile-position-block-start elementor-widget elementor-widget-icon-box\" data-id=\"c376830\" data-element_type=\"widget\" data-e-type=\"widget\" data-widget_type=\"icon-box.default\">\n\t\t\t\t<div class=\"elementor-widget-container\">\n\t\t\t\t\t\t\t<div class=\"elementor-icon-box-wrapper\">\n\n\t\t\t\t\t\t<div class=\"elementor-icon-box-icon\">\n\t\t\t\t<a href=\"https:\/\/batistas.bib.net.br\/cgi-bin\/koha\/opac-main.pl\" class=\"elementor-icon\" tabindex=\"-1\" aria-label=\"Biblioteca\">\n\t\t\t\t<i aria-hidden=\"true\" class=\"fas fa-book\"><\/i>\t\t\t\t<\/a>\n\t\t\t<\/div>\n\t\t\t\n\t\t\t\t\t\t<div class=\"elementor-icon-box-content\">\n\n\t\t\t\t\t\t\t\t\t<h3 class=\"elementor-icon-box-title\">\n\t\t\t\t\t\t<a href=\"https:\/\/batistas.bib.net.br\/cgi-bin\/koha\/opac-main.pl\" >\n\t\t\t\t\t\t\tBiblioteca\t\t\t\t\t\t<\/a>\n\t\t\t\t\t<\/h3>\n\t\t\t\t\n\t\t\t\t\n\t\t\t<\/div>\n\t\t\t\n\t\t<\/div>\n\t\t\t\t\t\t<\/div>\n\t\t\t\t<\/div>\n\t\t\t\t\t<\/div>\n\t\t<\/div>\n\t\t\t\t<div class=\"elementor-column elementor-col-25 elementor-top-column elementor-element elementor-element-1b843fb6\" data-id=\"1b843fb6\" data-element_type=\"column\" data-e-type=\"column\">\n\t\t\t<div class=\"elementor-widget-wrap elementor-element-populated\">\n\t\t\t\t\t\t<div class=\"elementor-element elementor-element-5d4c09fd elementor-view-default elementor-position-block-start elementor-mobile-position-block-start elementor-widget elementor-widget-icon-box\" data-id=\"5d4c09fd\" data-element_type=\"widget\" data-e-type=\"widget\" data-widget_type=\"icon-box.default\">\n\t\t\t\t<div class=\"elementor-widget-container\">\n\t\t\t\t\t\t\t<div class=\"elementor-icon-box-wrapper\">\n\n\t\t\t\t\t\t<div class=\"elementor-icon-box-icon\">\n\t\t\t\t<span  class=\"elementor-icon\">\n\t\t\t\t<i aria-hidden=\"true\" class=\"tk tk-tutorial\"><\/i>\t\t\t\t<\/span>\n\t\t\t<\/div>\n\t\t\t\n\t\t\t\t\t\t<div class=\"elementor-icon-box-content\">\n\n\t\t\t\t\t\t\t\t\t<h3 class=\"elementor-icon-box-title\">\n\t\t\t\t\t\t<span  >\n\t\t\t\t\t\t\tSistema Acad\u00eamico\t\t\t\t\t\t<\/span>\n\t\t\t\t\t<\/h3>\n\t\t\t\t\n\t\t\t\t\n\t\t\t<\/div>\n\t\t\t\n\t\t<\/div>\n\t\t\t\t\t\t<\/div>\n\t\t\t\t<\/div>\n\t\t\t\t\t<\/div>\n\t\t<\/div>\n\t\t\t\t\t<\/div>\n\t\t<\/section>\n\t\t\t\t<section class=\"elementor-section elementor-top-section elementor-element elementor-element-4ddccb2e elementor-section-stretched elementor-section-boxed elementor-section-height-default elementor-section-height-default\" data-id=\"4ddccb2e\" data-element_type=\"section\" data-e-type=\"section\" data-settings=\"{&quot;stretch_section&quot;:&quot;section-stretched&quot;,&quot;background_background&quot;:&quot;classic&quot;}\">\n\t\t\t\t\t\t\t<div class=\"elementor-background-overlay\"><\/div>\n\t\t\t\t\t\t\t<div class=\"elementor-container elementor-column-gap-default\">\n\t\t\t\t\t<div class=\"elementor-column elementor-col-33 elementor-top-column elementor-element elementor-element-38e23e46\" data-id=\"38e23e46\" data-element_type=\"column\" data-e-type=\"column\" data-settings=\"{&quot;background_background&quot;:&quot;classic&quot;}\">\n\t\t\t<div class=\"elementor-widget-wrap elementor-element-populated\">\n\t\t\t\t\t\t<div class=\"elementor-element elementor-element-1e162d6a elementor-view-default elementor-position-block-start elementor-mobile-position-block-start elementor-widget elementor-widget-icon-box\" data-id=\"1e162d6a\" data-element_type=\"widget\" data-e-type=\"widget\" data-widget_type=\"icon-box.default\">\n\t\t\t\t<div class=\"elementor-widget-container\">\n\t\t\t\t\t\t\t<div class=\"elementor-icon-box-wrapper\">\n\n\t\t\t\t\t\t<div class=\"elementor-icon-box-icon\">\n\t\t\t\t<a href=\"https:\/\/norte.marcelonelles.com.br\/wp-content\/uploads\/2023\/11\/miolo_REVISTA_TEOLOGIGA_CORR_170418.pdf\" class=\"elementor-icon\" tabindex=\"-1\" aria-label=\"Bibliografia\">\n\t\t\t\t<i aria-hidden=\"true\" class=\"fas fa-book\"><\/i>\t\t\t\t<\/a>\n\t\t\t<\/div>\n\t\t\t\n\t\t\t\t\t\t<div class=\"elementor-icon-box-content\">\n\n\t\t\t\t\t\t\t\t\t<h3 class=\"elementor-icon-box-title\">\n\t\t\t\t\t\t<a href=\"https:\/\/norte.marcelonelles.com.br\/wp-content\/uploads\/2023\/11\/miolo_REVISTA_TEOLOGIGA_CORR_170418.pdf\" >\n\t\t\t\t\t\t\tBibliografia\t\t\t\t\t\t<\/a>\n\t\t\t\t\t<\/h3>\n\t\t\t\t\n\t\t\t\t\n\t\t\t<\/div>\n\t\t\t\n\t\t<\/div>\n\t\t\t\t\t\t<\/div>\n\t\t\t\t<\/div>\n\t\t\t\t<div class=\"elementor-element elementor-element-30f9bc87 elementor-widget elementor-widget-heading\" data-id=\"30f9bc87\" data-element_type=\"widget\" data-e-type=\"widget\" data-widget_type=\"heading.default\">\n\t\t\t\t<div class=\"elementor-widget-container\">\n\t\t\t\t\t<h2 class=\"elementor-heading-title elementor-size-default\"><span style=\"font-size: 15px;font-weight: 400\">Para o vestibular de Teologia 2024.<\/span><\/h2>\t\t\t\t<\/div>\n\t\t\t\t<\/div>\n\t\t\t\t\t<\/div>\n\t\t<\/div>\n\t\t\t\t<div class=\"elementor-column elementor-col-33 elementor-top-column elementor-element elementor-element-3ef9fb7f\" data-id=\"3ef9fb7f\" data-element_type=\"column\" data-e-type=\"column\">\n\t\t\t<div class=\"elementor-widget-wrap elementor-element-populated\">\n\t\t\t\t\t\t<div class=\"elementor-element elementor-element-38e8294c elementor-view-default elementor-position-block-start elementor-mobile-position-block-start elementor-widget elementor-widget-icon-box\" data-id=\"38e8294c\" data-element_type=\"widget\" data-e-type=\"widget\" data-widget_type=\"icon-box.default\">\n\t\t\t\t<div class=\"elementor-widget-container\">\n\t\t\t\t\t\t\t<div class=\"elementor-icon-box-wrapper\">\n\n\t\t\t\t\t\t<div class=\"elementor-icon-box-icon\">\n\t\t\t\t<a href=\"https:\/\/norte.marcelonelles.com.br\/wp-content\/uploads\/2023\/11\/miolo_REVISTA_TEOLOGIGA_CORR_170418.pdf\" class=\"elementor-icon\" tabindex=\"-1\" aria-label=\"Revista Teol\u00f3gica n\u00ba \">\n\t\t\t\t<i aria-hidden=\"true\" class=\"far fa-file-pdf\"><\/i>\t\t\t\t<\/a>\n\t\t\t<\/div>\n\t\t\t\n\t\t\t\t\t\t<div class=\"elementor-icon-box-content\">\n\n\t\t\t\t\t\t\t\t\t<h3 class=\"elementor-icon-box-title\">\n\t\t\t\t\t\t<a href=\"https:\/\/norte.marcelonelles.com.br\/wp-content\/uploads\/2023\/11\/miolo_REVISTA_TEOLOGIGA_CORR_170418.pdf\" >\n\t\t\t\t\t\t\tRevista Teol\u00f3gica n\u00ba \t\t\t\t\t\t<\/a>\n\t\t\t\t\t<\/h3>\n\t\t\t\t\n\t\t\t\t\n\t\t\t<\/div>\n\t\t\t\n\t\t<\/div>\n\t\t\t\t\t\t<\/div>\n\t\t\t\t<\/div>\n\t\t\t\t\t<\/div>\n\t\t<\/div>\n\t\t\t\t<div class=\"elementor-column elementor-col-33 elementor-top-column elementor-element elementor-element-7f5a87e2\" data-id=\"7f5a87e2\" data-element_type=\"column\" data-e-type=\"column\" data-settings=\"{&quot;background_background&quot;:&quot;classic&quot;}\">\n\t\t\t<div class=\"elementor-widget-wrap elementor-element-populated\">\n\t\t\t\t\t\t<div class=\"elementor-element elementor-element-154b9070 elementor-view-default elementor-position-block-start elementor-mobile-position-block-start elementor-widget elementor-widget-icon-box\" data-id=\"154b9070\" data-element_type=\"widget\" data-e-type=\"widget\" data-widget_type=\"icon-box.default\">\n\t\t\t\t<div class=\"elementor-widget-container\">\n\t\t\t\t\t\t\t<div class=\"elementor-icon-box-wrapper\">\n\n\t\t\t\t\t\t<div class=\"elementor-icon-box-icon\">\n\t\t\t\t<a href=\"https:\/\/norte.marcelonelles.com.br\/wp-content\/uploads\/2023\/11\/REVISTA-TEOLOGIGA-OUT20-DIG.pdf\" class=\"elementor-icon\" tabindex=\"-1\" aria-label=\"Revista Teol\u00f3gica n\u00ba \">\n\t\t\t\t<i aria-hidden=\"true\" class=\"far fa-file-pdf\"><\/i>\t\t\t\t<\/a>\n\t\t\t<\/div>\n\t\t\t\n\t\t\t\t\t\t<div class=\"elementor-icon-box-content\">\n\n\t\t\t\t\t\t\t\t\t<h3 class=\"elementor-icon-box-title\">\n\t\t\t\t\t\t<a href=\"https:\/\/norte.marcelonelles.com.br\/wp-content\/uploads\/2023\/11\/REVISTA-TEOLOGIGA-OUT20-DIG.pdf\" >\n\t\t\t\t\t\t\tRevista Teol\u00f3gica n\u00ba \t\t\t\t\t\t<\/a>\n\t\t\t\t\t<\/h3>\n\t\t\t\t\n\t\t\t\t\n\t\t\t<\/div>\n\t\t\t\n\t\t<\/div>\n\t\t\t\t\t\t<\/div>\n\t\t\t\t<\/div>\n\t\t\t\t\t<\/div>\n\t\t<\/div>\n\t\t\t\t\t<\/div>\n\t\t<\/section>\n\t\t\t\t<\/div>","protected":false},"excerpt":{"rendered":"<p>Processo Seletivo AVA Biblioteca Sistema Acad\u00eamico Bibliografia Para o vestibular de Teologia 2024. Revista Teol\u00f3gica n\u00ba Revista Teol\u00f3gica n\u00ba<\/p>","protected":false},"author":1,"featured_media":0,"parent":0,"menu_order":0,"comment_status":"closed","ping_status":"closed","template":"","meta":{"pmpro_default_level":"","_joinchat":[],"footnotes":""},"class_list":["post-20738","page","type-page","status-publish","hentry","pmpro-has-access"],"yoast_head":"<!-- This site is optimized with the Yoast SEO Premium plugin v27.3 (Yoast SEO v27.2) - https:\/\/yoast.com\/product\/yoast-seo-premium-wordpress\/ -->\n<title>\u00c1rea do Aluno - Semin\u00e1rio Equatorial<\/title>\n<meta name=\"robots\" content=\"index, follow, max-snippet:-1, max-image-preview:large, max-video-preview:-1\" \/>\n<link rel=\"canonical\" href=\"https:\/\/seminarioequatorial.com.br\/en\/area-do-aluno\/\" \/>\n<meta property=\"og:locale\" content=\"en_US\" \/>\n<meta property=\"og:type\" content=\"article\" \/>\n<meta property=\"og:title\" content=\"\u00c1rea do Aluno - Semin\u00e1rio Equatorial\" \/>\n<meta property=\"og:description\" content=\"Processo Seletivo AVA Biblioteca Sistema Acad\u00eamico Bibliografia Para o vestibular de Teologia 2024. Revista Teol\u00f3gica n\u00ba Revista Teol\u00f3gica n\u00ba\" \/>\n<meta property=\"og:url\" content=\"https:\/\/seminarioequatorial.com.br\/en\/area-do-aluno\/\" \/>\n<meta property=\"og:site_name\" content=\"Semin\u00e1rio Equatorial\" \/>\n<meta property=\"article:modified_time\" content=\"2024-11-05T14:24:19+00:00\" \/>\n<meta name=\"twitter:card\" content=\"summary_large_image\" \/>\n<meta name=\"twitter:label1\" content=\"Est. reading time\" \/>\n\t<meta name=\"twitter:data1\" content=\"1 minute\" \/>\n<script type=\"application\/ld+json\" class=\"yoast-schema-graph\">{\"@context\":\"https:\/\/schema.org\",\"@graph\":[{\"@type\":\"WebPage\",\"@id\":\"https:\/\/seminarioequatorial.com.br\/area-do-aluno\/\",\"url\":\"https:\/\/seminarioequatorial.com.br\/area-do-aluno\/\",\"name\":\"\u00c1rea do Aluno - Semin\u00e1rio Equatorial\",\"isPartOf\":{\"@id\":\"https:\/\/seminarioequatorial.com.br\/#website\"},\"datePublished\":\"2023-07-29T13:57:34+00:00\",\"dateModified\":\"2024-11-05T14:24:19+00:00\",\"breadcrumb\":{\"@id\":\"https:\/\/seminarioequatorial.com.br\/area-do-aluno\/#breadcrumb\"},\"inLanguage\":\"en-US\",\"potentialAction\":[{\"@type\":\"ReadAction\",\"target\":[\"https:\/\/seminarioequatorial.com.br\/area-do-aluno\/\"]}]},{\"@type\":\"BreadcrumbList\",\"@id\":\"https:\/\/seminarioequatorial.com.br\/area-do-aluno\/#breadcrumb\",\"itemListElement\":[{\"@type\":\"ListItem\",\"position\":1,\"name\":\"In\u00edcio\",\"item\":\"https:\/\/seminarioequatorial.com.br\/\"},{\"@type\":\"ListItem\",\"position\":2,\"name\":\"\u00c1rea do Aluno\"}]},{\"@type\":\"WebSite\",\"@id\":\"https:\/\/seminarioequatorial.com.br\/#website\",\"url\":\"https:\/\/seminarioequatorial.com.br\/\",\"name\":\"Semin\u00e1rio Equatorial\",\"description\":\"Faculdade Teol\u00f3gica Batista Equatorial\",\"publisher\":{\"@id\":\"https:\/\/seminarioequatorial.com.br\/#organization\"},\"potentialAction\":[{\"@type\":\"SearchAction\",\"target\":{\"@type\":\"EntryPoint\",\"urlTemplate\":\"https:\/\/seminarioequatorial.com.br\/?s={search_term_string}\"},\"query-input\":{\"@type\":\"PropertyValueSpecification\",\"valueRequired\":true,\"valueName\":\"search_term_string\"}}],\"inLanguage\":\"en-US\"},{\"@type\":\"Organization\",\"@id\":\"https:\/\/seminarioequatorial.com.br\/#organization\",\"name\":\"Semin\u00e1rio Equatorial\",\"url\":\"https:\/\/seminarioequatorial.com.br\/\",\"logo\":{\"@type\":\"ImageObject\",\"inLanguage\":\"en-US\",\"@id\":\"https:\/\/seminarioequatorial.com.br\/#\/schema\/logo\/image\/\",\"url\":\"https:\/\/seminarioequatorial.com.br\/wp-content\/uploads\/2023\/02\/Logo-marca-2.png\",\"contentUrl\":\"https:\/\/seminarioequatorial.com.br\/wp-content\/uploads\/2023\/02\/Logo-marca-2.png\",\"width\":180,\"height\":62,\"caption\":\"Semin\u00e1rio Equatorial\"},\"image\":{\"@id\":\"https:\/\/seminarioequatorial.com.br\/#\/schema\/logo\/image\/\"}}]}<\/script>\n<!-- \/ Yoast SEO Premium plugin. -->","yoast_head_json":{"title":"\u00c1rea do Aluno - Semin\u00e1rio Equatorial","robots":{"index":"index","follow":"follow","max-snippet":"max-snippet:-1","max-image-preview":"max-image-preview:large","max-video-preview":"max-video-preview:-1"},"canonical":"https:\/\/seminarioequatorial.com.br\/en\/area-do-aluno\/","og_locale":"en_US","og_type":"article","og_title":"\u00c1rea do Aluno - Semin\u00e1rio Equatorial","og_description":"Processo Seletivo AVA Biblioteca Sistema Acad\u00eamico Bibliografia Para o vestibular de Teologia 2024. Revista Teol\u00f3gica n\u00ba Revista Teol\u00f3gica n\u00ba","og_url":"https:\/\/seminarioequatorial.com.br\/en\/area-do-aluno\/","og_site_name":"Semin\u00e1rio Equatorial","article_modified_time":"2024-11-05T14:24:19+00:00","twitter_card":"summary_large_image","twitter_misc":{"Est. reading time":"1 minute"},"schema":{"@context":"https:\/\/schema.org","@graph":[{"@type":"WebPage","@id":"https:\/\/seminarioequatorial.com.br\/area-do-aluno\/","url":"https:\/\/seminarioequatorial.com.br\/area-do-aluno\/","name":"\u00c1rea do Aluno - Semin\u00e1rio Equatorial","isPartOf":{"@id":"https:\/\/seminarioequatorial.com.br\/#website"},"datePublished":"2023-07-29T13:57:34+00:00","dateModified":"2024-11-05T14:24:19+00:00","breadcrumb":{"@id":"https:\/\/seminarioequatorial.com.br\/area-do-aluno\/#breadcrumb"},"inLanguage":"en-US","potentialAction":[{"@type":"ReadAction","target":["https:\/\/seminarioequatorial.com.br\/area-do-aluno\/"]}]},{"@type":"BreadcrumbList","@id":"https:\/\/seminarioequatorial.com.br\/area-do-aluno\/#breadcrumb","itemListElement":[{"@type":"ListItem","position":1,"name":"In\u00edcio","item":"https:\/\/seminarioequatorial.com.br\/"},{"@type":"ListItem","position":2,"name":"\u00c1rea do Aluno"}]},{"@type":"WebSite","@id":"https:\/\/seminarioequatorial.com.br\/#website","url":"https:\/\/seminarioequatorial.com.br\/","name":"Semin\u00e1rio Equatorial","description":"Faculdade Teol\u00f3gica Batista Equatorial","publisher":{"@id":"https:\/\/seminarioequatorial.com.br\/#organization"},"potentialAction":[{"@type":"SearchAction","target":{"@type":"EntryPoint","urlTemplate":"https:\/\/seminarioequatorial.com.br\/?s={search_term_string}"},"query-input":{"@type":"PropertyValueSpecification","valueRequired":true,"valueName":"search_term_string"}}],"inLanguage":"en-US"},{"@type":"Organization","@id":"https:\/\/seminarioequatorial.com.br\/#organization","name":"Semin\u00e1rio Equatorial","url":"https:\/\/seminarioequatorial.com.br\/","logo":{"@type":"ImageObject","inLanguage":"en-US","@id":"https:\/\/seminarioequatorial.com.br\/#\/schema\/logo\/image\/","url":"https:\/\/seminarioequatorial.com.br\/wp-content\/uploads\/2023\/02\/Logo-marca-2.png","contentUrl":"https:\/\/seminarioequatorial.com.br\/wp-content\/uploads\/2023\/02\/Logo-marca-2.png","width":180,"height":62,"caption":"Semin\u00e1rio Equatorial"},"image":{"@id":"https:\/\/seminarioequatorial.com.br\/#\/schema\/logo\/image\/"}}]}},"_links":{"self":[{"href":"https:\/\/seminarioequatorial.com.br\/en\/wp-json\/wp\/v2\/pages\/20738","targetHints":{"allow":["GET"]}}],"collection":[{"href":"https:\/\/seminarioequatorial.com.br\/en\/wp-json\/wp\/v2\/pages"}],"about":[{"href":"https:\/\/seminarioequatorial.com.br\/en\/wp-json\/wp\/v2\/types\/page"}],"author":[{"embeddable":true,"href":"https:\/\/seminarioequatorial.com.br\/en\/wp-json\/wp\/v2\/users\/1"}],"replies":[{"embeddable":true,"href":"https:\/\/seminarioequatorial.com.br\/en\/wp-json\/wp\/v2\/comments?post=20738"}],"version-history":[{"count":50,"href":"https:\/\/seminarioequatorial.com.br\/en\/wp-json\/wp\/v2\/pages\/20738\/revisions"}],"predecessor-version":[{"id":23393,"href":"https:\/\/seminarioequatorial.com.br\/en\/wp-json\/wp\/v2\/pages\/20738\/revisions\/23393"}],"wp:attachment":[{"href":"https:\/\/seminarioequatorial.com.br\/en\/wp-json\/wp\/v2\/media?parent=20738"}],"curies":[{"name":"wp","href":"https:\/\/api.w.org\/{rel}","templated":true}]}}