{"id":24975,"date":"2026-04-25T18:48:44","date_gmt":"2026-04-25T18:48:44","guid":{"rendered":"https:\/\/seminarioequatorial.com.br\/?page_id=24975"},"modified":"2026-04-25T20:06:30","modified_gmt":"2026-04-25T20:06:30","slug":"ouvidoria","status":"publish","type":"page","link":"https:\/\/seminarioequatorial.com.br\/en\/ouvidoria\/","title":{"rendered":"Ouvidoria"},"content":{"rendered":"\t\t<div data-elementor-type=\"wp-page\" data-elementor-id=\"24975\" class=\"elementor elementor-24975\" data-elementor-post-type=\"page\">\n\t\t\t\t\t\t<section class=\"elementor-section elementor-top-section elementor-element elementor-element-c5f0bc6 elementor-section-boxed elementor-section-height-default elementor-section-height-default\" data-id=\"c5f0bc6\" data-element_type=\"section\" data-e-type=\"section\">\n\t\t\t\t\t\t<div class=\"elementor-container elementor-column-gap-default\">\n\t\t\t\t\t<div class=\"elementor-column elementor-col-50 elementor-top-column elementor-element elementor-element-2122c6b\" data-id=\"2122c6b\" data-element_type=\"column\" data-e-type=\"column\" data-settings=\"{&quot;background_background&quot;:&quot;classic&quot;}\">\n\t\t\t<div class=\"elementor-widget-wrap elementor-element-populated\">\n\t\t\t\t\t\t<div class=\"elementor-element elementor-element-1edec6c iconbox-text-center elementor-widget elementor-widget-thim-icon-box\" data-id=\"1edec6c\" data-element_type=\"widget\" data-e-type=\"widget\" data-widget_type=\"thim-icon-box.default\">\n\t\t\t\t<div class=\"elementor-widget-container\">\n\t\t\t\t\t<div class=\"thim-widget-icon-box\"><div class=\"wrapper-box-icon text-center \"><div class=\"smicon-box iconbox-top\"><div class=\"boxes-icon\"><a class=\"icon-box-link\" href=\"https:\/\/wa.me\/5508005803597\" target=\"_blank\" rel=\"nofollow\"><span class=\"inner-icon\"><span class=\"icon\"><i aria-hidden=\"true\" class=\"tk tk-teacher\"><\/i><\/span><\/span><\/a><\/div><div class=\"content-inner\"><div class=\"sc-heading\"><p class=\"heading__primary\"><a class=\"icon-box-link\" href=\"https:\/\/wa.me\/5508005803597\" target=\"_blank\" rel=\"nofollow\">Contato Ouvidoria<\/a><\/p><\/div><div class=\"desc-icon-box\"><div class=\"desc-content\"><a class=\"icon-box-link\" href=\"https:\/\/wa.me\/5508005803597\" target=\"_blank\" rel=\"nofollow\">0800 580 3597<\/a><\/div><\/div><\/div><\/div><\/div><\/div>\t\t\t\t<\/div>\n\t\t\t\t<\/div>\n\t\t\t\t\t<\/div>\n\t\t<\/div>\n\t\t\t\t<div class=\"elementor-column elementor-col-50 elementor-top-column elementor-element elementor-element-8f9e6a5\" data-id=\"8f9e6a5\" data-element_type=\"column\" data-e-type=\"column\" data-settings=\"{&quot;background_background&quot;:&quot;classic&quot;}\">\n\t\t\t<div class=\"elementor-widget-wrap elementor-element-populated\">\n\t\t\t\t\t\t<div class=\"elementor-element elementor-element-b23ed51 iconbox-text-center elementor-widget elementor-widget-thim-icon-box\" data-id=\"b23ed51\" data-element_type=\"widget\" data-e-type=\"widget\" data-widget_type=\"thim-icon-box.default\">\n\t\t\t\t<div class=\"elementor-widget-container\">\n\t\t\t\t\t<div class=\"thim-widget-icon-box\"><div class=\"wrapper-box-icon text-center \"><div class=\"smicon-box iconbox-top\"><div class=\"boxes-icon\"><span class=\"inner-icon\"><span class=\"icon\"><i aria-hidden=\"true\" class=\"tk tk-clock1\"><\/i><\/span><\/span><\/div><div class=\"content-inner\"><div class=\"sc-heading\"><p class=\"heading__primary\">E-mail Ouvidoria<\/p><\/div><div class=\"desc-icon-box\"><div class=\"desc-content\">atendimento@faculdadesbatistas.com.br<\/div><\/div><\/div><\/div><\/div><\/div>\t\t\t\t<\/div>\n\t\t\t\t<\/div>\n\t\t\t\t\t<\/div>\n\t\t<\/div>\n\t\t\t\t\t<\/div>\n\t\t<\/section>\n\t\t\t\t<section class=\"elementor-section elementor-top-section elementor-element elementor-element-ba36293 elementor-section-boxed elementor-section-height-default elementor-section-height-default\" data-id=\"ba36293\" data-element_type=\"section\" data-e-type=\"section\">\n\t\t\t\t\t\t<div class=\"elementor-container elementor-column-gap-no\">\n\t\t\t\t\t<div class=\"elementor-column elementor-col-100 elementor-top-column elementor-element elementor-element-d4216c8\" data-id=\"d4216c8\" data-element_type=\"column\" data-e-type=\"column\">\n\t\t\t<div class=\"elementor-widget-wrap elementor-element-populated\">\n\t\t\t\t\t\t<div class=\"elementor-element elementor-element-3e1fa04 thim-ekits-heading-text-center elementor-widget thim-ekits-heading elementor-widget-thim-heading\" data-id=\"3e1fa04\" data-element_type=\"widget\" data-e-type=\"widget\" data-widget_type=\"thim-heading.default\">\n\t\t\t\t<div class=\"elementor-widget-container\">\n\t\t\t\t\t<div class=\"sc_heading text-center\"><h3 class=\"title\">Preencha o formul\u00e1rio abaixo para suas cr\u00edticas ou sugest\u00e3o para a ouvidoria. <\/h3><\/div>\t\t\t\t<\/div>\n\t\t\t\t<\/div>\n\t\t\t\t<div class=\"elementor-element elementor-element-ddf8900 elementor-button-align-stretch elementor-widget elementor-widget-form\" data-id=\"ddf8900\" data-element_type=\"widget\" data-e-type=\"widget\" data-settings=\"{&quot;step_next_label&quot;:&quot;Pr\\u00f3ximo&quot;,&quot;step_previous_label&quot;:&quot;Anterior&quot;,&quot;button_width&quot;:&quot;100&quot;,&quot;step_type&quot;:&quot;number_text&quot;,&quot;step_icon_shape&quot;:&quot;circle&quot;}\" data-widget_type=\"form.default\">\n\t\t\t\t<div class=\"elementor-widget-container\">\n\t\t\t\t\t\t\t<form class=\"elementor-form\" method=\"post\" name=\"Novo formul\u00e1rio\" aria-label=\"Novo formul\u00e1rio\" novalidate=\"\">\n\t\t\t<input type=\"hidden\" name=\"post_id\" value=\"24975\"\/>\n\t\t\t<input type=\"hidden\" name=\"form_id\" value=\"ddf8900\"\/>\n\t\t\t<input type=\"hidden\" name=\"referer_title\" value=\"Ouvidoria - Semin\u00e1rio Equatorial\" \/>\n\n\t\t\t\t\t\t\t<input type=\"hidden\" name=\"queried_id\" value=\"24975\"\/>\n\t\t\t\n\t\t\t<div class=\"elementor-form-fields-wrapper elementor-labels-\">\n\t\t\t\t\t\t\t\t<div class=\"elementor-field-type-text elementor-field-group elementor-column elementor-field-group-nome elementor-col-100\">\n\t\t\t\t\t\t\t\t\t\t\t\t<label for=\"form-field-nome\" class=\"elementor-field-label elementor-screen-only\">\n\t\t\t\t\t\t\t\tNome\t\t\t\t\t\t\t<\/label>\n\t\t\t\t\t\t\t\t\t\t\t\t\t\t<input size=\"1\" type=\"text\" name=\"form_fields[nome]\" id=\"form-field-nome\" class=\"elementor-field elementor-size-sm  elementor-field-textual\" placeholder=\"Nome (Opcional)\">\n\t\t\t\t\t\t\t\t\t\t\t<\/div>\n\t\t\t\t\t\t\t\t<div class=\"elementor-field-type-email elementor-field-group elementor-column elementor-field-group-email elementor-col-100\">\n\t\t\t\t\t\t\t\t\t\t\t\t<label for=\"form-field-email\" class=\"elementor-field-label elementor-screen-only\">\n\t\t\t\t\t\t\t\tE-mail\t\t\t\t\t\t\t<\/label>\n\t\t\t\t\t\t\t\t\t\t\t\t\t\t<input size=\"1\" type=\"email\" name=\"form_fields[email]\" id=\"form-field-email\" class=\"elementor-field elementor-size-sm  elementor-field-textual\" placeholder=\"Email (Opcional)\">\n\t\t\t\t\t\t\t\t\t\t\t<\/div>\n\t\t\t\t\t\t\t\t<div class=\"elementor-field-type-tel elementor-field-group elementor-column elementor-field-group-whatsapp elementor-col-100\">\n\t\t\t\t\t\t\t\t\t\t\t\t<label for=\"form-field-whatsapp\" class=\"elementor-field-label elementor-screen-only\">\n\t\t\t\t\t\t\t\tWhatsApp\t\t\t\t\t\t\t<\/label>\n\t\t\t\t\t\t\t\t<input size=\"1\" type=\"tel\" name=\"form_fields[whatsapp]\" id=\"form-field-whatsapp\" class=\"elementor-field elementor-size-sm  elementor-field-textual\" placeholder=\"DDD+WhatsApp (Opcional)\" pattern=\"[0-9()#&amp;+*-=.]+\" title=\"Apenas n\u00fameros e caracteres de telefone (#, -, *, etc.) s\u00e3o aceitos.\">\n\n\t\t\t\t\t\t<\/div>\n\t\t\t\t\t\t\t\t<div class=\"elementor-field-type-textarea elementor-field-group elementor-column elementor-field-group-mensagem elementor-col-100 elementor-field-required\">\n\t\t\t\t\t\t\t\t\t\t\t\t<label for=\"form-field-mensagem\" class=\"elementor-field-label elementor-screen-only\">\n\t\t\t\t\t\t\t\tMensagem\t\t\t\t\t\t\t<\/label>\n\t\t\t\t\t\t<textarea class=\"elementor-field-textual elementor-field  elementor-size-sm\" name=\"form_fields[mensagem]\" id=\"form-field-mensagem\" rows=\"4\" placeholder=\"Deixe a sua mensagem para ouvidoria\" required=\"required\"><\/textarea>\t\t\t\t<\/div>\n\t\t\t\t\t\t\t\t<div class=\"elementor-field-group elementor-column elementor-field-type-submit elementor-col-100 e-form__buttons\">\n\t\t\t\t\t<button class=\"elementor-button elementor-size-sm\" type=\"submit\">\n\t\t\t\t\t\t<span class=\"elementor-button-content-wrapper\">\n\t\t\t\t\t\t\t\t\t\t\t\t\t\t\t\t\t\t\t\t\t\t<span class=\"elementor-button-text\">Enviar<\/span>\n\t\t\t\t\t\t\t\t\t\t\t\t\t<\/span>\n\t\t\t\t\t<\/button>\n\t\t\t\t<\/div>\n\t\t\t<\/div>\n\t\t<\/form>\n\t\t\t\t\t\t<\/div>\n\t\t\t\t<\/div>\n\t\t\t\t\t<\/div>\n\t\t<\/div>\n\t\t\t\t\t<\/div>\n\t\t<\/section>\n\t\t\t\t<section class=\"elementor-section elementor-top-section elementor-element elementor-element-0a0dbbb elementor-section-boxed elementor-section-height-default elementor-section-height-default\" data-id=\"0a0dbbb\" data-element_type=\"section\" data-e-type=\"section\">\n\t\t\t\t\t\t<div class=\"elementor-container elementor-column-gap-default\">\n\t\t\t\t\t<div class=\"elementor-column elementor-col-100 elementor-top-column elementor-element elementor-element-6f8c4a1\" data-id=\"6f8c4a1\" data-element_type=\"column\" data-e-type=\"column\">\n\t\t\t<div class=\"elementor-widget-wrap elementor-element-populated\">\n\t\t\t\t\t\t<div class=\"elementor-element elementor-element-22789ec elementor-widget elementor-widget-google_maps\" data-id=\"22789ec\" data-element_type=\"widget\" data-e-type=\"widget\" data-widget_type=\"google_maps.default\">\n\t\t\t\t<div class=\"elementor-widget-container\">\n\t\t\t\t\t\t\t<div class=\"elementor-custom-embed\">\n\t\t\t<iframe loading=\"lazy\"\n\t\t\t\t\tsrc=\"https:\/\/maps.google.com\/maps?q=Rodovia%20BR-316%2C%206241%2C%20bairro%20Castanheira%2C%20Bel%C3%A9m%20-%20PA%2C%20CEP%2066645-003&#038;t=m&#038;z=12&#038;output=embed&#038;iwloc=near\"\n\t\t\t\t\ttitle=\"Rodovia BR-316, 6241, bairro Castanheira, Bel\u00e9m - PA, CEP 66645-003\"\n\t\t\t\t\taria-label=\"Rodovia BR-316, 6241, bairro Castanheira, Bel\u00e9m - PA, CEP 66645-003\"\n\t\t\t><\/iframe>\n\t\t<\/div>\n\t\t\t\t\t\t<\/div>\n\t\t\t\t<\/div>\n\t\t\t\t\t<\/div>\n\t\t<\/div>\n\t\t\t\t\t<\/div>\n\t\t<\/section>\n\t\t\t\t<\/div>\n\t\t","protected":false},"excerpt":{"rendered":"<p>Contato Ouvidoria 0800 580 3597 E-mail Ouvidoria atendimento@faculdadesbatistas.com.br Preencha o formul\u00e1rio abaixo para suas cr\u00edticas ou sugest\u00e3o para a ouvidoria.<\/p>","protected":false},"author":1,"featured_media":0,"parent":0,"menu_order":0,"comment_status":"closed","ping_status":"closed","template":"","meta":{"pmpro_default_level":"","_joinchat":[],"footnotes":""},"class_list":["post-24975","page","type-page","status-publish","hentry","pmpro-has-access"],"yoast_head":"<!-- This site is optimized with the Yoast SEO Premium plugin v27.3 (Yoast SEO v27.2) - https:\/\/yoast.com\/product\/yoast-seo-premium-wordpress\/ -->\n<title>Ouvidoria - Semin\u00e1rio Equatorial<\/title>\n<meta name=\"robots\" content=\"index, follow, max-snippet:-1, max-image-preview:large, max-video-preview:-1\" \/>\n<link rel=\"canonical\" href=\"https:\/\/seminarioequatorial.com.br\/en\/ouvidoria\/\" \/>\n<meta property=\"og:locale\" content=\"en_US\" \/>\n<meta property=\"og:type\" content=\"article\" \/>\n<meta property=\"og:title\" content=\"Ouvidoria - Semin\u00e1rio Equatorial\" \/>\n<meta property=\"og:description\" content=\"Contato Ouvidoria 0800 580 3597 E-mail Ouvidoria atendimento@faculdadesbatistas.com.br Preencha o formul\u00e1rio abaixo para suas cr\u00edticas ou sugest\u00e3o para a ouvidoria.\" \/>\n<meta property=\"og:url\" content=\"https:\/\/seminarioequatorial.com.br\/en\/ouvidoria\/\" \/>\n<meta property=\"og:site_name\" content=\"Semin\u00e1rio Equatorial\" \/>\n<meta property=\"article:modified_time\" content=\"2026-04-25T20:06:30+00:00\" \/>\n<meta name=\"twitter:card\" content=\"summary_large_image\" \/>\n<meta name=\"twitter:label1\" content=\"Est. reading time\" \/>\n\t<meta name=\"twitter:data1\" content=\"1 minute\" \/>\n<script type=\"application\/ld+json\" class=\"yoast-schema-graph\">{\"@context\":\"https:\/\/schema.org\",\"@graph\":[{\"@type\":\"WebPage\",\"@id\":\"https:\/\/seminarioequatorial.com.br\/ouvidoria\/\",\"url\":\"https:\/\/seminarioequatorial.com.br\/ouvidoria\/\",\"name\":\"Ouvidoria - Semin\u00e1rio Equatorial\",\"isPartOf\":{\"@id\":\"https:\/\/seminarioequatorial.com.br\/#website\"},\"datePublished\":\"2026-04-25T18:48:44+00:00\",\"dateModified\":\"2026-04-25T20:06:30+00:00\",\"breadcrumb\":{\"@id\":\"https:\/\/seminarioequatorial.com.br\/ouvidoria\/#breadcrumb\"},\"inLanguage\":\"en-US\",\"potentialAction\":[{\"@type\":\"ReadAction\",\"target\":[\"https:\/\/seminarioequatorial.com.br\/ouvidoria\/\"]}]},{\"@type\":\"BreadcrumbList\",\"@id\":\"https:\/\/seminarioequatorial.com.br\/ouvidoria\/#breadcrumb\",\"itemListElement\":[{\"@type\":\"ListItem\",\"position\":1,\"name\":\"In\u00edcio\",\"item\":\"https:\/\/seminarioequatorial.com.br\/\"},{\"@type\":\"ListItem\",\"position\":2,\"name\":\"Ouvidoria\"}]},{\"@type\":\"WebSite\",\"@id\":\"https:\/\/seminarioequatorial.com.br\/#website\",\"url\":\"https:\/\/seminarioequatorial.com.br\/\",\"name\":\"Semin\u00e1rio Equatorial\",\"description\":\"Faculdade Teol\u00f3gica Batista Equatorial\",\"publisher\":{\"@id\":\"https:\/\/seminarioequatorial.com.br\/#organization\"},\"potentialAction\":[{\"@type\":\"SearchAction\",\"target\":{\"@type\":\"EntryPoint\",\"urlTemplate\":\"https:\/\/seminarioequatorial.com.br\/?s={search_term_string}\"},\"query-input\":{\"@type\":\"PropertyValueSpecification\",\"valueRequired\":true,\"valueName\":\"search_term_string\"}}],\"inLanguage\":\"en-US\"},{\"@type\":\"Organization\",\"@id\":\"https:\/\/seminarioequatorial.com.br\/#organization\",\"name\":\"Semin\u00e1rio Equatorial\",\"url\":\"https:\/\/seminarioequatorial.com.br\/\",\"logo\":{\"@type\":\"ImageObject\",\"inLanguage\":\"en-US\",\"@id\":\"https:\/\/seminarioequatorial.com.br\/#\/schema\/logo\/image\/\",\"url\":\"https:\/\/seminarioequatorial.com.br\/wp-content\/uploads\/2023\/02\/Logo-marca-2.png\",\"contentUrl\":\"https:\/\/seminarioequatorial.com.br\/wp-content\/uploads\/2023\/02\/Logo-marca-2.png\",\"width\":180,\"height\":62,\"caption\":\"Semin\u00e1rio Equatorial\"},\"image\":{\"@id\":\"https:\/\/seminarioequatorial.com.br\/#\/schema\/logo\/image\/\"}}]}<\/script>\n<!-- \/ Yoast SEO Premium plugin. -->","yoast_head_json":{"title":"Ouvidoria - Semin\u00e1rio Equatorial","robots":{"index":"index","follow":"follow","max-snippet":"max-snippet:-1","max-image-preview":"max-image-preview:large","max-video-preview":"max-video-preview:-1"},"canonical":"https:\/\/seminarioequatorial.com.br\/en\/ouvidoria\/","og_locale":"en_US","og_type":"article","og_title":"Ouvidoria - Semin\u00e1rio Equatorial","og_description":"Contato Ouvidoria 0800 580 3597 E-mail Ouvidoria atendimento@faculdadesbatistas.com.br Preencha o formul\u00e1rio abaixo para suas cr\u00edticas ou sugest\u00e3o para a ouvidoria.","og_url":"https:\/\/seminarioequatorial.com.br\/en\/ouvidoria\/","og_site_name":"Semin\u00e1rio Equatorial","article_modified_time":"2026-04-25T20:06:30+00:00","twitter_card":"summary_large_image","twitter_misc":{"Est. reading time":"1 minute"},"schema":{"@context":"https:\/\/schema.org","@graph":[{"@type":"WebPage","@id":"https:\/\/seminarioequatorial.com.br\/ouvidoria\/","url":"https:\/\/seminarioequatorial.com.br\/ouvidoria\/","name":"Ouvidoria - Semin\u00e1rio Equatorial","isPartOf":{"@id":"https:\/\/seminarioequatorial.com.br\/#website"},"datePublished":"2026-04-25T18:48:44+00:00","dateModified":"2026-04-25T20:06:30+00:00","breadcrumb":{"@id":"https:\/\/seminarioequatorial.com.br\/ouvidoria\/#breadcrumb"},"inLanguage":"en-US","potentialAction":[{"@type":"ReadAction","target":["https:\/\/seminarioequatorial.com.br\/ouvidoria\/"]}]},{"@type":"BreadcrumbList","@id":"https:\/\/seminarioequatorial.com.br\/ouvidoria\/#breadcrumb","itemListElement":[{"@type":"ListItem","position":1,"name":"In\u00edcio","item":"https:\/\/seminarioequatorial.com.br\/"},{"@type":"ListItem","position":2,"name":"Ouvidoria"}]},{"@type":"WebSite","@id":"https:\/\/seminarioequatorial.com.br\/#website","url":"https:\/\/seminarioequatorial.com.br\/","name":"Semin\u00e1rio Equatorial","description":"Faculdade Teol\u00f3gica Batista Equatorial","publisher":{"@id":"https:\/\/seminarioequatorial.com.br\/#organization"},"potentialAction":[{"@type":"SearchAction","target":{"@type":"EntryPoint","urlTemplate":"https:\/\/seminarioequatorial.com.br\/?s={search_term_string}"},"query-input":{"@type":"PropertyValueSpecification","valueRequired":true,"valueName":"search_term_string"}}],"inLanguage":"en-US"},{"@type":"Organization","@id":"https:\/\/seminarioequatorial.com.br\/#organization","name":"Semin\u00e1rio Equatorial","url":"https:\/\/seminarioequatorial.com.br\/","logo":{"@type":"ImageObject","inLanguage":"en-US","@id":"https:\/\/seminarioequatorial.com.br\/#\/schema\/logo\/image\/","url":"https:\/\/seminarioequatorial.com.br\/wp-content\/uploads\/2023\/02\/Logo-marca-2.png","contentUrl":"https:\/\/seminarioequatorial.com.br\/wp-content\/uploads\/2023\/02\/Logo-marca-2.png","width":180,"height":62,"caption":"Semin\u00e1rio Equatorial"},"image":{"@id":"https:\/\/seminarioequatorial.com.br\/#\/schema\/logo\/image\/"}}]}},"_links":{"self":[{"href":"https:\/\/seminarioequatorial.com.br\/en\/wp-json\/wp\/v2\/pages\/24975","targetHints":{"allow":["GET"]}}],"collection":[{"href":"https:\/\/seminarioequatorial.com.br\/en\/wp-json\/wp\/v2\/pages"}],"about":[{"href":"https:\/\/seminarioequatorial.com.br\/en\/wp-json\/wp\/v2\/types\/page"}],"author":[{"embeddable":true,"href":"https:\/\/seminarioequatorial.com.br\/en\/wp-json\/wp\/v2\/users\/1"}],"replies":[{"embeddable":true,"href":"https:\/\/seminarioequatorial.com.br\/en\/wp-json\/wp\/v2\/comments?post=24975"}],"version-history":[{"count":28,"href":"https:\/\/seminarioequatorial.com.br\/en\/wp-json\/wp\/v2\/pages\/24975\/revisions"}],"predecessor-version":[{"id":25012,"href":"https:\/\/seminarioequatorial.com.br\/en\/wp-json\/wp\/v2\/pages\/24975\/revisions\/25012"}],"wp:attachment":[{"href":"https:\/\/seminarioequatorial.com.br\/en\/wp-json\/wp\/v2\/media?parent=24975"}],"curies":[{"name":"wp","href":"https:\/\/api.w.org\/{rel}","templated":true}]}}