{"id":25013,"date":"2026-04-25T21:12:00","date_gmt":"2026-04-25T21:12:00","guid":{"rendered":"https:\/\/seminarioequatorial.com.br\/?page_id=25013"},"modified":"2026-04-26T11:45:10","modified_gmt":"2026-04-26T11:45:10","slug":"biblioteca","status":"publish","type":"page","link":"https:\/\/seminarioequatorial.com.br\/en\/biblioteca\/","title":{"rendered":"Biblioteca"},"content":{"rendered":"<div data-elementor-type=\"wp-page\" data-elementor-id=\"25013\" class=\"elementor elementor-25013\" data-elementor-post-type=\"page\">\n\t\t\t\t\t\t<section class=\"elementor-section elementor-top-section elementor-element elementor-element-4327fc1 elementor-hidden-desktop elementor-hidden-tablet elementor-hidden-mobile elementor-section-boxed elementor-section-height-default elementor-section-height-default\" data-id=\"4327fc1\" data-element_type=\"section\" data-e-type=\"section\">\n\t\t\t\t\t\t<div class=\"elementor-container elementor-column-gap-wide\">\n\t\t\t\t\t<div class=\"elementor-column elementor-col-50 elementor-top-column elementor-element elementor-element-98664f7\" data-id=\"98664f7\" data-element_type=\"column\" data-e-type=\"column\">\n\t\t\t<div class=\"elementor-widget-wrap elementor-element-populated\">\n\t\t\t\t\t\t<section class=\"elementor-section elementor-inner-section elementor-element elementor-element-4b8247a elementor-section-boxed elementor-section-height-default elementor-section-height-default\" data-id=\"4b8247a\" data-element_type=\"section\" data-e-type=\"section\">\n\t\t\t\t\t\t<div class=\"elementor-container elementor-column-gap-default\">\n\t\t\t\t\t<div class=\"elementor-column elementor-col-100 elementor-inner-column elementor-element elementor-element-c306b77\" data-id=\"c306b77\" data-element_type=\"column\" data-e-type=\"column\">\n\t\t\t<div class=\"elementor-widget-wrap elementor-element-populated\">\n\t\t\t\t\t\t<div class=\"elementor-element elementor-element-268899f elementor-widget thim-ekits-heading elementor-widget-thim-heading\" data-id=\"268899f\" data-element_type=\"widget\" data-e-type=\"widget\" data-widget_type=\"thim-heading.default\">\n\t\t\t\t<div class=\"elementor-widget-container\">\n\t\t\t\t\t<div class=\"sc_heading\"><h3 class=\"title\">Biblioteca Virtual Pearson <\/h3><span class=\"line\"><\/span><\/div>\t\t\t\t<\/div>\n\t\t\t\t<\/div>\n\t\t\t\t\t<\/div>\n\t\t<\/div>\n\t\t\t\t\t<\/div>\n\t\t<\/section>\n\t\t\t\t<div class=\"elementor-element elementor-element-dde7131 elementor-widget thim-widget-button\" data-id=\"dde7131\" data-element_type=\"widget\" data-e-type=\"widget\" data-widget_type=\"thim-button.default\">\n\t\t\t\t<div class=\"elementor-widget-container\">\n\t\t\t\t\t<a class=\"widget-button normal\" href=\"https:\/\/plataforma.bvirtual.com.br\/Account\/Login?redirectUrl=%2F\" target=\"_blank\">ACESSAR<\/a>\t\t\t\t<\/div>\n\t\t\t\t<\/div>\n\t\t\t\t\t<\/div>\n\t\t<\/div>\n\t\t\t\t<div class=\"elementor-column elementor-col-50 elementor-top-column elementor-element elementor-element-b4cb7e1\" data-id=\"b4cb7e1\" data-element_type=\"column\" data-e-type=\"column\">\n\t\t\t<div class=\"elementor-widget-wrap elementor-element-populated\">\n\t\t\t\t\t\t<section class=\"elementor-section elementor-inner-section elementor-element elementor-element-3f660cd elementor-section-boxed elementor-section-height-default elementor-section-height-default\" data-id=\"3f660cd\" data-element_type=\"section\" data-e-type=\"section\">\n\t\t\t\t\t\t<div class=\"elementor-container elementor-column-gap-default\">\n\t\t\t\t\t<div class=\"elementor-column elementor-col-100 elementor-inner-column elementor-element elementor-element-ad89cd6\" data-id=\"ad89cd6\" data-element_type=\"column\" data-e-type=\"column\">\n\t\t\t<div class=\"elementor-widget-wrap elementor-element-populated\">\n\t\t\t\t\t\t<div class=\"elementor-element elementor-element-84ab2d5 elementor-widget thim-ekits-heading elementor-widget-thim-heading\" data-id=\"84ab2d5\" data-element_type=\"widget\" data-e-type=\"widget\" data-widget_type=\"thim-heading.default\">\n\t\t\t\t<div class=\"elementor-widget-container\">\n\t\t\t\t\t<div class=\"sc_heading\"><h3 class=\"title\">Minha Biblioteca <\/h3><span class=\"line\"><\/span><\/div>\t\t\t\t<\/div>\n\t\t\t\t<\/div>\n\t\t\t\t<div class=\"elementor-element elementor-element-81aee9a elementor-widget thim-widget-button\" data-id=\"81aee9a\" data-element_type=\"widget\" data-e-type=\"widget\" data-widget_type=\"thim-button.default\">\n\t\t\t\t<div class=\"elementor-widget-container\">\n\t\t\t\t\t<a class=\"widget-button normal\" href=\"https:\/\/sso.minhabiblioteca.com.br\/Login.aspx?key=STBSB\" target=\"_blank\">ACESSAR<\/a>\t\t\t\t<\/div>\n\t\t\t\t<\/div>\n\t\t\t\t\t<\/div>\n\t\t<\/div>\n\t\t\t\t\t<\/div>\n\t\t<\/section>\n\t\t\t\t\t<\/div>\n\t\t<\/div>\n\t\t\t\t\t<\/div>\n\t\t<\/section>\n\t\t\t\t<section class=\"elementor-section elementor-top-section elementor-element elementor-element-b986e76 elementor-hidden-desktop elementor-hidden-tablet elementor-hidden-mobile elementor-section-boxed elementor-section-height-default elementor-section-height-default\" data-id=\"b986e76\" data-element_type=\"section\" data-e-type=\"section\">\n\t\t\t\t\t\t<div class=\"elementor-container elementor-column-gap-wide\">\n\t\t\t\t\t<div class=\"elementor-column elementor-col-50 elementor-top-column elementor-element elementor-element-6fe1b46\" data-id=\"6fe1b46\" data-element_type=\"column\" data-e-type=\"column\">\n\t\t\t<div class=\"elementor-widget-wrap elementor-element-populated\">\n\t\t\t\t\t\t<section class=\"elementor-section elementor-inner-section elementor-element elementor-element-fababb7 elementor-section-boxed elementor-section-height-default elementor-section-height-default\" data-id=\"fababb7\" data-element_type=\"section\" data-e-type=\"section\">\n\t\t\t\t\t\t<div class=\"elementor-container elementor-column-gap-default\">\n\t\t\t\t\t<div class=\"elementor-column elementor-col-100 elementor-inner-column elementor-element elementor-element-216ea6e\" data-id=\"216ea6e\" data-element_type=\"column\" data-e-type=\"column\">\n\t\t\t<div class=\"elementor-widget-wrap elementor-element-populated\">\n\t\t\t\t\t\t<div class=\"elementor-element elementor-element-b3943a7 elementor-widget thim-ekits-heading elementor-widget-thim-heading\" data-id=\"b3943a7\" data-element_type=\"widget\" data-e-type=\"widget\" data-widget_type=\"thim-heading.default\">\n\t\t\t\t<div class=\"elementor-widget-container\">\n\t\t\t\t\t<div class=\"sc_heading\"><h3 class=\"title\">Biblioteca Semin\u00e1rios Batistas <\/h3><span class=\"line\"><\/span><\/div>\t\t\t\t<\/div>\n\t\t\t\t<\/div>\n\t\t\t\t<div class=\"elementor-element elementor-element-f5f1ae3 elementor-widget thim-widget-button\" data-id=\"f5f1ae3\" data-element_type=\"widget\" data-e-type=\"widget\" data-widget_type=\"thim-button.default\">\n\t\t\t\t<div class=\"elementor-widget-container\">\n\t\t\t\t\t<a class=\"widget-button normal\" href=\"https:\/\/batistas.bib.net.br\/cgi-bin\/koha\/opac-main.pl\" target=\"_blank\">ACESSAR<\/a>\t\t\t\t<\/div>\n\t\t\t\t<\/div>\n\t\t\t\t\t<\/div>\n\t\t<\/div>\n\t\t\t\t\t<\/div>\n\t\t<\/section>\n\t\t\t\t\t<\/div>\n\t\t<\/div>\n\t\t\t\t<div class=\"elementor-column elementor-col-50 elementor-top-column elementor-element elementor-element-7dc717a\" data-id=\"7dc717a\" data-element_type=\"column\" data-e-type=\"column\">\n\t\t\t<div class=\"elementor-widget-wrap elementor-element-populated\">\n\t\t\t\t\t\t<section class=\"elementor-section elementor-inner-section elementor-element elementor-element-85e09a0 elementor-section-boxed elementor-section-height-default elementor-section-height-default\" data-id=\"85e09a0\" data-element_type=\"section\" data-e-type=\"section\">\n\t\t\t\t\t\t<div class=\"elementor-container elementor-column-gap-default\">\n\t\t\t\t\t<div class=\"elementor-column elementor-col-100 elementor-inner-column elementor-element elementor-element-ff14e3e\" data-id=\"ff14e3e\" data-element_type=\"column\" data-e-type=\"column\">\n\t\t\t<div class=\"elementor-widget-wrap elementor-element-populated\">\n\t\t\t\t\t\t<div class=\"elementor-element elementor-element-db028d4 elementor-widget thim-ekits-heading elementor-widget-thim-heading\" data-id=\"db028d4\" data-element_type=\"widget\" data-e-type=\"widget\" data-widget_type=\"thim-heading.default\">\n\t\t\t\t<div class=\"elementor-widget-container\">\n\t\t\t\t\t<div class=\"sc_heading\"><h3 class=\"title\">Peri\u00f3dicos de Direito <\/h3><span class=\"line\"><\/span><\/div>\t\t\t\t<\/div>\n\t\t\t\t<\/div>\n\t\t\t\t<div class=\"elementor-element elementor-element-b125d50 elementor-widget thim-widget-button\" data-id=\"b125d50\" data-element_type=\"widget\" data-e-type=\"widget\" data-widget_type=\"thim-button.default\">\n\t\t\t\t<div class=\"elementor-widget-container\">\n\t\t\t\t\t<a class=\"widget-button normal\" href=\"#\">ACESSAR<\/a>\t\t\t\t<\/div>\n\t\t\t\t<\/div>\n\t\t\t\t\t<\/div>\n\t\t<\/div>\n\t\t\t\t\t<\/div>\n\t\t<\/section>\n\t\t\t\t\t<\/div>\n\t\t<\/div>\n\t\t\t\t\t<\/div>\n\t\t<\/section>\n\t\t\t\t<section class=\"elementor-section elementor-top-section elementor-element elementor-element-37bd617 elementor-section-boxed elementor-section-height-default elementor-section-height-default\" data-id=\"37bd617\" data-element_type=\"section\" data-e-type=\"section\">\n\t\t\t\t\t\t<div class=\"elementor-container elementor-column-gap-default\">\n\t\t\t\t\t<div class=\"elementor-column elementor-col-25 elementor-top-column elementor-element elementor-element-e0100d4\" data-id=\"e0100d4\" data-element_type=\"column\" data-e-type=\"column\">\n\t\t\t<div class=\"elementor-widget-wrap elementor-element-populated\">\n\t\t\t\t\t\t<div class=\"elementor-element elementor-element-faa6686 elementor-widget thim-widget-button\" data-id=\"faa6686\" data-element_type=\"widget\" data-e-type=\"widget\" data-widget_type=\"thim-button.default\">\n\t\t\t\t<div class=\"elementor-widget-container\">\n\t\t\t\t\t<a class=\"widget-button normal\" href=\"https:\/\/plataforma.bvirtual.com.br\/Account\/Login?redirectUrl=%2F\" target=\"_blank\">Biblioteca Virtual Pearson<\/a>\t\t\t\t<\/div>\n\t\t\t\t<\/div>\n\t\t\t\t\t<\/div>\n\t\t<\/div>\n\t\t\t\t<div class=\"elementor-column elementor-col-25 elementor-top-column elementor-element elementor-element-bcac447\" data-id=\"bcac447\" data-element_type=\"column\" data-e-type=\"column\">\n\t\t\t<div class=\"elementor-widget-wrap elementor-element-populated\">\n\t\t\t\t\t\t<div class=\"elementor-element elementor-element-2746a9a elementor-widget thim-widget-button\" data-id=\"2746a9a\" data-element_type=\"widget\" data-e-type=\"widget\" data-widget_type=\"thim-button.default\">\n\t\t\t\t<div class=\"elementor-widget-container\">\n\t\t\t\t\t<a class=\"widget-button normal\" href=\"https:\/\/sso.minhabiblioteca.com.br\/Login.aspx?key=STBSB\" target=\"_blank\">Minha Biblioteca<\/a>\t\t\t\t<\/div>\n\t\t\t\t<\/div>\n\t\t\t\t\t<\/div>\n\t\t<\/div>\n\t\t\t\t<div class=\"elementor-column elementor-col-25 elementor-top-column elementor-element elementor-element-d8b5b5c\" data-id=\"d8b5b5c\" data-element_type=\"column\" data-e-type=\"column\">\n\t\t\t<div class=\"elementor-widget-wrap elementor-element-populated\">\n\t\t\t\t\t\t<div class=\"elementor-element elementor-element-d8669f7 elementor-widget thim-widget-button\" data-id=\"d8669f7\" data-element_type=\"widget\" data-e-type=\"widget\" data-widget_type=\"thim-button.default\">\n\t\t\t\t<div class=\"elementor-widget-container\">\n\t\t\t\t\t<a class=\"widget-button normal\" href=\"https:\/\/batistas.bib.net.br\/cgi-bin\/koha\/opac-main.pl\" target=\"_blank\">Biblioteca Semin\u00e1rios Batistas<\/a>\t\t\t\t<\/div>\n\t\t\t\t<\/div>\n\t\t\t\t\t<\/div>\n\t\t<\/div>\n\t\t\t\t<div class=\"elementor-column elementor-col-25 elementor-top-column elementor-element elementor-element-90be2d8\" data-id=\"90be2d8\" data-element_type=\"column\" data-e-type=\"column\">\n\t\t\t<div class=\"elementor-widget-wrap elementor-element-populated\">\n\t\t\t\t\t\t<div class=\"elementor-element elementor-element-77391b4 elementor-widget thim-widget-button\" data-id=\"77391b4\" data-element_type=\"widget\" data-e-type=\"widget\" data-widget_type=\"thim-button.default\">\n\t\t\t\t<div class=\"elementor-widget-container\">\n\t\t\t\t\t<a class=\"widget-button normal\" href=\"#\">Peri\u00f3dicos de Direito<\/a>\t\t\t\t<\/div>\n\t\t\t\t<\/div>\n\t\t\t\t\t<\/div>\n\t\t<\/div>\n\t\t\t\t\t<\/div>\n\t\t<\/section>\n\t\t\t\t<\/div>","protected":false},"excerpt":{"rendered":"<p>Biblioteca Virtual Pearson ACESSAR Minha Biblioteca ACESSAR Biblioteca Semin\u00e1rios Batistas ACESSAR Peri\u00f3dicos de Direito ACESSAR Biblioteca Virtual Pearson Minha Biblioteca Biblioteca Semin\u00e1rios Batistas Peri\u00f3dicos de Direito<\/p>","protected":false},"author":1,"featured_media":0,"parent":0,"menu_order":0,"comment_status":"closed","ping_status":"closed","template":"","meta":{"pmpro_default_level":"","_joinchat":[],"footnotes":""},"class_list":["post-25013","page","type-page","status-publish","hentry","pmpro-has-access"],"yoast_head":"<!-- This site is optimized with the Yoast SEO Premium plugin v27.3 (Yoast SEO v27.2) - https:\/\/yoast.com\/product\/yoast-seo-premium-wordpress\/ -->\n<title>Biblioteca - Semin\u00e1rio Equatorial<\/title>\n<meta name=\"robots\" content=\"index, follow, max-snippet:-1, max-image-preview:large, max-video-preview:-1\" \/>\n<link rel=\"canonical\" href=\"https:\/\/seminarioequatorial.com.br\/en\/biblioteca\/\" \/>\n<meta property=\"og:locale\" content=\"en_US\" \/>\n<meta property=\"og:type\" content=\"article\" \/>\n<meta property=\"og:title\" content=\"Biblioteca - Semin\u00e1rio Equatorial\" \/>\n<meta property=\"og:description\" content=\"Biblioteca Virtual Pearson ACESSAR Minha Biblioteca ACESSAR Biblioteca Semin\u00e1rios Batistas ACESSAR Peri\u00f3dicos de Direito ACESSAR Biblioteca Virtual Pearson Minha Biblioteca Biblioteca Semin\u00e1rios Batistas Peri\u00f3dicos de Direito\" \/>\n<meta property=\"og:url\" content=\"https:\/\/seminarioequatorial.com.br\/en\/biblioteca\/\" \/>\n<meta property=\"og:site_name\" content=\"Semin\u00e1rio Equatorial\" \/>\n<meta property=\"article:modified_time\" content=\"2026-04-26T11:45:10+00:00\" \/>\n<meta name=\"twitter:card\" content=\"summary_large_image\" \/>\n<meta name=\"twitter:label1\" content=\"Est. reading time\" \/>\n\t<meta name=\"twitter:data1\" content=\"1 minute\" \/>\n<script type=\"application\/ld+json\" class=\"yoast-schema-graph\">{\"@context\":\"https:\/\/schema.org\",\"@graph\":[{\"@type\":\"WebPage\",\"@id\":\"https:\/\/seminarioequatorial.com.br\/biblioteca\/\",\"url\":\"https:\/\/seminarioequatorial.com.br\/biblioteca\/\",\"name\":\"Biblioteca - Semin\u00e1rio Equatorial\",\"isPartOf\":{\"@id\":\"https:\/\/seminarioequatorial.com.br\/#website\"},\"datePublished\":\"2026-04-25T21:12:00+00:00\",\"dateModified\":\"2026-04-26T11:45:10+00:00\",\"breadcrumb\":{\"@id\":\"https:\/\/seminarioequatorial.com.br\/biblioteca\/#breadcrumb\"},\"inLanguage\":\"en-US\",\"potentialAction\":[{\"@type\":\"ReadAction\",\"target\":[\"https:\/\/seminarioequatorial.com.br\/biblioteca\/\"]}]},{\"@type\":\"BreadcrumbList\",\"@id\":\"https:\/\/seminarioequatorial.com.br\/biblioteca\/#breadcrumb\",\"itemListElement\":[{\"@type\":\"ListItem\",\"position\":1,\"name\":\"In\u00edcio\",\"item\":\"https:\/\/seminarioequatorial.com.br\/\"},{\"@type\":\"ListItem\",\"position\":2,\"name\":\"Biblioteca\"}]},{\"@type\":\"WebSite\",\"@id\":\"https:\/\/seminarioequatorial.com.br\/#website\",\"url\":\"https:\/\/seminarioequatorial.com.br\/\",\"name\":\"Semin\u00e1rio Equatorial\",\"description\":\"Faculdade Teol\u00f3gica Batista Equatorial\",\"publisher\":{\"@id\":\"https:\/\/seminarioequatorial.com.br\/#organization\"},\"potentialAction\":[{\"@type\":\"SearchAction\",\"target\":{\"@type\":\"EntryPoint\",\"urlTemplate\":\"https:\/\/seminarioequatorial.com.br\/?s={search_term_string}\"},\"query-input\":{\"@type\":\"PropertyValueSpecification\",\"valueRequired\":true,\"valueName\":\"search_term_string\"}}],\"inLanguage\":\"en-US\"},{\"@type\":\"Organization\",\"@id\":\"https:\/\/seminarioequatorial.com.br\/#organization\",\"name\":\"Semin\u00e1rio Equatorial\",\"url\":\"https:\/\/seminarioequatorial.com.br\/\",\"logo\":{\"@type\":\"ImageObject\",\"inLanguage\":\"en-US\",\"@id\":\"https:\/\/seminarioequatorial.com.br\/#\/schema\/logo\/image\/\",\"url\":\"https:\/\/seminarioequatorial.com.br\/wp-content\/uploads\/2023\/02\/Logo-marca-2.png\",\"contentUrl\":\"https:\/\/seminarioequatorial.com.br\/wp-content\/uploads\/2023\/02\/Logo-marca-2.png\",\"width\":180,\"height\":62,\"caption\":\"Semin\u00e1rio Equatorial\"},\"image\":{\"@id\":\"https:\/\/seminarioequatorial.com.br\/#\/schema\/logo\/image\/\"}}]}<\/script>\n<!-- \/ Yoast SEO Premium plugin. -->","yoast_head_json":{"title":"Biblioteca - Semin\u00e1rio Equatorial","robots":{"index":"index","follow":"follow","max-snippet":"max-snippet:-1","max-image-preview":"max-image-preview:large","max-video-preview":"max-video-preview:-1"},"canonical":"https:\/\/seminarioequatorial.com.br\/en\/biblioteca\/","og_locale":"en_US","og_type":"article","og_title":"Biblioteca - Semin\u00e1rio Equatorial","og_description":"Biblioteca Virtual Pearson ACESSAR Minha Biblioteca ACESSAR Biblioteca Semin\u00e1rios Batistas ACESSAR Peri\u00f3dicos de Direito ACESSAR Biblioteca Virtual Pearson Minha Biblioteca Biblioteca Semin\u00e1rios Batistas Peri\u00f3dicos de Direito","og_url":"https:\/\/seminarioequatorial.com.br\/en\/biblioteca\/","og_site_name":"Semin\u00e1rio Equatorial","article_modified_time":"2026-04-26T11:45:10+00:00","twitter_card":"summary_large_image","twitter_misc":{"Est. reading time":"1 minute"},"schema":{"@context":"https:\/\/schema.org","@graph":[{"@type":"WebPage","@id":"https:\/\/seminarioequatorial.com.br\/biblioteca\/","url":"https:\/\/seminarioequatorial.com.br\/biblioteca\/","name":"Biblioteca - Semin\u00e1rio Equatorial","isPartOf":{"@id":"https:\/\/seminarioequatorial.com.br\/#website"},"datePublished":"2026-04-25T21:12:00+00:00","dateModified":"2026-04-26T11:45:10+00:00","breadcrumb":{"@id":"https:\/\/seminarioequatorial.com.br\/biblioteca\/#breadcrumb"},"inLanguage":"en-US","potentialAction":[{"@type":"ReadAction","target":["https:\/\/seminarioequatorial.com.br\/biblioteca\/"]}]},{"@type":"BreadcrumbList","@id":"https:\/\/seminarioequatorial.com.br\/biblioteca\/#breadcrumb","itemListElement":[{"@type":"ListItem","position":1,"name":"In\u00edcio","item":"https:\/\/seminarioequatorial.com.br\/"},{"@type":"ListItem","position":2,"name":"Biblioteca"}]},{"@type":"WebSite","@id":"https:\/\/seminarioequatorial.com.br\/#website","url":"https:\/\/seminarioequatorial.com.br\/","name":"Semin\u00e1rio Equatorial","description":"Faculdade Teol\u00f3gica Batista Equatorial","publisher":{"@id":"https:\/\/seminarioequatorial.com.br\/#organization"},"potentialAction":[{"@type":"SearchAction","target":{"@type":"EntryPoint","urlTemplate":"https:\/\/seminarioequatorial.com.br\/?s={search_term_string}"},"query-input":{"@type":"PropertyValueSpecification","valueRequired":true,"valueName":"search_term_string"}}],"inLanguage":"en-US"},{"@type":"Organization","@id":"https:\/\/seminarioequatorial.com.br\/#organization","name":"Semin\u00e1rio Equatorial","url":"https:\/\/seminarioequatorial.com.br\/","logo":{"@type":"ImageObject","inLanguage":"en-US","@id":"https:\/\/seminarioequatorial.com.br\/#\/schema\/logo\/image\/","url":"https:\/\/seminarioequatorial.com.br\/wp-content\/uploads\/2023\/02\/Logo-marca-2.png","contentUrl":"https:\/\/seminarioequatorial.com.br\/wp-content\/uploads\/2023\/02\/Logo-marca-2.png","width":180,"height":62,"caption":"Semin\u00e1rio Equatorial"},"image":{"@id":"https:\/\/seminarioequatorial.com.br\/#\/schema\/logo\/image\/"}}]}},"_links":{"self":[{"href":"https:\/\/seminarioequatorial.com.br\/en\/wp-json\/wp\/v2\/pages\/25013","targetHints":{"allow":["GET"]}}],"collection":[{"href":"https:\/\/seminarioequatorial.com.br\/en\/wp-json\/wp\/v2\/pages"}],"about":[{"href":"https:\/\/seminarioequatorial.com.br\/en\/wp-json\/wp\/v2\/types\/page"}],"author":[{"embeddable":true,"href":"https:\/\/seminarioequatorial.com.br\/en\/wp-json\/wp\/v2\/users\/1"}],"replies":[{"embeddable":true,"href":"https:\/\/seminarioequatorial.com.br\/en\/wp-json\/wp\/v2\/comments?post=25013"}],"version-history":[{"count":46,"href":"https:\/\/seminarioequatorial.com.br\/en\/wp-json\/wp\/v2\/pages\/25013\/revisions"}],"predecessor-version":[{"id":25104,"href":"https:\/\/seminarioequatorial.com.br\/en\/wp-json\/wp\/v2\/pages\/25013\/revisions\/25104"}],"wp:attachment":[{"href":"https:\/\/seminarioequatorial.com.br\/en\/wp-json\/wp\/v2\/media?parent=25013"}],"curies":[{"name":"wp","href":"https:\/\/api.w.org\/{rel}","templated":true}]}}