{"id":87,"date":"2015-10-22T03:17:26","date_gmt":"2015-10-22T03:17:26","guid":{"rendered":"http:\/\/demo.thimpress.com\/eduma\/?page_id=87"},"modified":"2025-11-06T14:49:21","modified_gmt":"2025-11-06T14:49:21","slug":"contato","status":"publish","type":"page","link":"https:\/\/seminarioequatorial.com.br\/en\/contato\/","title":{"rendered":"Contato"},"content":{"rendered":"\t\t<div data-elementor-type=\"wp-page\" data-elementor-id=\"87\" class=\"elementor elementor-87\" data-elementor-post-type=\"page\">\n\t\t\t\t\t\t<section class=\"elementor-section elementor-top-section elementor-element elementor-element-1b9c5ed8 elementor-section-stretched elementor-section-boxed elementor-section-height-default elementor-section-height-default\" data-id=\"1b9c5ed8\" data-element_type=\"section\" data-e-type=\"section\" data-settings=\"{&quot;stretch_section&quot;:&quot;section-stretched&quot;}\">\n\t\t\t\t\t\t<div class=\"elementor-container elementor-column-gap-custom\">\n\t\t\t\t\t<div class=\"elementor-column elementor-col-33 elementor-top-column elementor-element elementor-element-45b70ded\" data-id=\"45b70ded\" data-element_type=\"column\" data-e-type=\"column\" data-settings=\"{&quot;background_background&quot;:&quot;classic&quot;}\">\n\t\t\t<div class=\"elementor-widget-wrap elementor-element-populated\">\n\t\t\t\t\t\t<div class=\"elementor-element elementor-element-54fc1097 iconbox-text-center elementor-widget elementor-widget-thim-icon-box\" data-id=\"54fc1097\" data-element_type=\"widget\" data-e-type=\"widget\" data-widget_type=\"thim-icon-box.default\">\n\t\t\t\t<div class=\"elementor-widget-container\">\n\t\t\t\t\t<div class=\"thim-widget-icon-box\"><div class=\"wrapper-box-icon text-center \"><div class=\"smicon-box iconbox-top\"><div class=\"boxes-icon\"><span class=\"inner-icon\"><span class=\"icon\"><i aria-hidden=\"true\" class=\"tk tk-pin1\"><\/i><\/span><\/span><\/div><div class=\"content-inner\"><div class=\"sc-heading\"><p class=\"heading__primary\">Endere\u00e7o<\/p><\/div><div class=\"desc-icon-box\"><div class=\"desc-content\">BR 316 Km 01, 6241, Castanheira<br> Bel\u00e9m\/PA\n<\/div><\/div><\/div><\/div><\/div><\/div>\t\t\t\t<\/div>\n\t\t\t\t<\/div>\n\t\t\t\t\t<\/div>\n\t\t<\/div>\n\t\t\t\t<div class=\"elementor-column elementor-col-33 elementor-top-column elementor-element elementor-element-72b9873e\" data-id=\"72b9873e\" data-element_type=\"column\" data-e-type=\"column\" data-settings=\"{&quot;background_background&quot;:&quot;classic&quot;}\">\n\t\t\t<div class=\"elementor-widget-wrap elementor-element-populated\">\n\t\t\t\t\t\t<div class=\"elementor-element elementor-element-79cad3f7 iconbox-text-center elementor-widget elementor-widget-thim-icon-box\" data-id=\"79cad3f7\" data-element_type=\"widget\" data-e-type=\"widget\" data-widget_type=\"thim-icon-box.default\">\n\t\t\t\t<div class=\"elementor-widget-container\">\n\t\t\t\t\t<div class=\"thim-widget-icon-box\"><div class=\"wrapper-box-icon text-center \"><div class=\"smicon-box iconbox-top\"><div class=\"boxes-icon\"><a class=\"icon-box-link\" href=\"https:\/\/wa.me\/5508005803597\" target=\"_blank\" rel=\"nofollow\"><span class=\"inner-icon\"><span class=\"icon\"><i aria-hidden=\"true\" class=\"tk tk-teacher\"><\/i><\/span><\/span><\/a><\/div><div class=\"content-inner\"><div class=\"sc-heading\"><p class=\"heading__primary\"><a class=\"icon-box-link\" href=\"https:\/\/wa.me\/5508005803597\" target=\"_blank\" rel=\"nofollow\">Contatos<\/a><\/p><\/div><div class=\"desc-icon-box\"><div class=\"desc-content\"><a class=\"icon-box-link\" href=\"https:\/\/wa.me\/5508005803597\" target=\"_blank\" rel=\"nofollow\">Telefone e WhatsApp:<br>\n0800 580 3597<\/a><\/div><\/div><\/div><\/div><\/div><\/div>\t\t\t\t<\/div>\n\t\t\t\t<\/div>\n\t\t\t\t\t<\/div>\n\t\t<\/div>\n\t\t\t\t<div class=\"elementor-column elementor-col-33 elementor-top-column elementor-element elementor-element-ae68e8b\" data-id=\"ae68e8b\" data-element_type=\"column\" data-e-type=\"column\" data-settings=\"{&quot;background_background&quot;:&quot;classic&quot;}\">\n\t\t\t<div class=\"elementor-widget-wrap elementor-element-populated\">\n\t\t\t\t\t\t<div class=\"elementor-element elementor-element-3ccf1c56 iconbox-text-center elementor-widget elementor-widget-thim-icon-box\" data-id=\"3ccf1c56\" data-element_type=\"widget\" data-e-type=\"widget\" data-widget_type=\"thim-icon-box.default\">\n\t\t\t\t<div class=\"elementor-widget-container\">\n\t\t\t\t\t<div class=\"thim-widget-icon-box\"><div class=\"wrapper-box-icon text-center \"><div class=\"smicon-box iconbox-top\"><div class=\"boxes-icon\"><span class=\"inner-icon\"><span class=\"icon\"><i aria-hidden=\"true\" class=\"tk tk-clock1\"><\/i><\/span><\/span><\/div><div class=\"content-inner\"><div class=\"sc-heading\"><p class=\"heading__primary\">Atendimento<\/p><\/div><div class=\"desc-icon-box\"><div class=\"desc-content\">segunda a sexta<br>\ndas 13h \u00e0s 22h<\/div><\/div><\/div><\/div><\/div><\/div>\t\t\t\t<\/div>\n\t\t\t\t<\/div>\n\t\t\t\t\t<\/div>\n\t\t<\/div>\n\t\t\t\t\t<\/div>\n\t\t<\/section>\n\t\t\t\t<section class=\"elementor-section elementor-top-section elementor-element elementor-element-254ce46b elementor-section-boxed elementor-section-height-default elementor-section-height-default\" data-id=\"254ce46b\" data-element_type=\"section\" data-e-type=\"section\">\n\t\t\t\t\t\t<div class=\"elementor-container elementor-column-gap-no\">\n\t\t\t\t\t<div class=\"elementor-column elementor-col-100 elementor-top-column elementor-element elementor-element-8b43968\" data-id=\"8b43968\" data-element_type=\"column\" data-e-type=\"column\">\n\t\t\t<div class=\"elementor-widget-wrap elementor-element-populated\">\n\t\t\t\t\t\t<div class=\"elementor-element elementor-element-68aa2366 thim-ekits-heading-text-center elementor-widget thim-ekits-heading elementor-widget-thim-heading\" data-id=\"68aa2366\" data-element_type=\"widget\" data-e-type=\"widget\" data-widget_type=\"thim-heading.default\">\n\t\t\t\t<div class=\"elementor-widget-container\">\n\t\t\t\t\t<div class=\"sc_heading text-center\"><h3 class=\"title\">Preencha o formul\u00e1rio abaixo para que possamos conhecer melhor voc\u00ea e suas necessidades. <\/h3><\/div>\t\t\t\t<\/div>\n\t\t\t\t<\/div>\n\t\t\t\t<div class=\"elementor-element elementor-element-a6bc175 elementor-button-align-stretch elementor-widget elementor-widget-form\" data-id=\"a6bc175\" data-element_type=\"widget\" data-e-type=\"widget\" data-settings=\"{&quot;step_next_label&quot;:&quot;Next&quot;,&quot;step_previous_label&quot;:&quot;Previous&quot;,&quot;button_width&quot;:&quot;100&quot;,&quot;step_type&quot;:&quot;number_text&quot;,&quot;step_icon_shape&quot;:&quot;circle&quot;}\" data-widget_type=\"form.default\">\n\t\t\t\t<div class=\"elementor-widget-container\">\n\t\t\t\t\t\t\t<form class=\"elementor-form\" method=\"post\" name=\"New Form\" aria-label=\"New Form\">\n\t\t\t<input type=\"hidden\" name=\"post_id\" value=\"87\"\/>\n\t\t\t<input type=\"hidden\" name=\"form_id\" value=\"a6bc175\"\/>\n\t\t\t<input type=\"hidden\" name=\"referer_title\" value=\"Contato - Semin\u00e1rio Equatorial\" \/>\n\n\t\t\t\t\t\t\t<input type=\"hidden\" name=\"queried_id\" value=\"87\"\/>\n\t\t\t\n\t\t\t<div class=\"elementor-form-fields-wrapper elementor-labels-\">\n\t\t\t\t\t\t\t\t<div class=\"elementor-field-type-text elementor-field-group elementor-column elementor-field-group-nome elementor-col-100 elementor-field-required\">\n\t\t\t\t\t\t\t\t\t\t\t\t<label for=\"form-field-nome\" class=\"elementor-field-label elementor-screen-only\">\n\t\t\t\t\t\t\t\tNome\t\t\t\t\t\t\t<\/label>\n\t\t\t\t\t\t\t\t\t\t\t\t\t\t<input size=\"1\" type=\"text\" name=\"form_fields[nome]\" id=\"form-field-nome\" class=\"elementor-field elementor-size-sm  elementor-field-textual\" placeholder=\"Nome\" required=\"required\">\n\t\t\t\t\t\t\t\t\t\t\t<\/div>\n\t\t\t\t\t\t\t\t<div class=\"elementor-field-type-email elementor-field-group elementor-column elementor-field-group-email elementor-col-100 elementor-field-required\">\n\t\t\t\t\t\t\t\t\t\t\t\t<label for=\"form-field-email\" class=\"elementor-field-label elementor-screen-only\">\n\t\t\t\t\t\t\t\tEmail\t\t\t\t\t\t\t<\/label>\n\t\t\t\t\t\t\t\t\t\t\t\t\t\t<input size=\"1\" type=\"email\" name=\"form_fields[email]\" id=\"form-field-email\" class=\"elementor-field elementor-size-sm  elementor-field-textual\" placeholder=\"Email\" required=\"required\">\n\t\t\t\t\t\t\t\t\t\t\t<\/div>\n\t\t\t\t\t\t\t\t<div class=\"elementor-field-type-tel elementor-field-group elementor-column elementor-field-group-whatsapp elementor-col-100 elementor-field-required\">\n\t\t\t\t\t\t\t\t\t\t\t\t<label for=\"form-field-whatsapp\" class=\"elementor-field-label elementor-screen-only\">\n\t\t\t\t\t\t\t\twhatsapp\t\t\t\t\t\t\t<\/label>\n\t\t\t\t\t\t\t\t<input size=\"1\" type=\"tel\" name=\"form_fields[whatsapp]\" id=\"form-field-whatsapp\" class=\"elementor-field elementor-size-sm  elementor-field-textual\" placeholder=\"DDD+WhatsApp\" required=\"required\" pattern=\"[0-9()#&amp;+*-=.]+\" title=\"Apenas n\u00fameros e caracteres de telefone (#, -, *, etc.) s\u00e3o aceitos.\">\n\n\t\t\t\t\t\t<\/div>\n\t\t\t\t\t\t\t\t<div class=\"elementor-field-type-textarea elementor-field-group elementor-column elementor-field-group-mensagem elementor-col-100\">\n\t\t\t\t\t\t\t\t\t\t\t\t<label for=\"form-field-mensagem\" class=\"elementor-field-label elementor-screen-only\">\n\t\t\t\t\t\t\t\tMensagem\t\t\t\t\t\t\t<\/label>\n\t\t\t\t\t\t<textarea class=\"elementor-field-textual elementor-field  elementor-size-sm\" name=\"form_fields[mensagem]\" id=\"form-field-mensagem\" rows=\"4\" placeholder=\"Deixe a sua mensagem\"><\/textarea>\t\t\t\t<\/div>\n\t\t\t\t\t\t\t\t<div class=\"elementor-field-group elementor-column elementor-field-type-submit elementor-col-100 e-form__buttons\">\n\t\t\t\t\t<button class=\"elementor-button elementor-size-sm\" type=\"submit\">\n\t\t\t\t\t\t<span class=\"elementor-button-content-wrapper\">\n\t\t\t\t\t\t\t\t\t\t\t\t\t\t\t\t\t\t\t\t\t\t<span class=\"elementor-button-text\">Enviar<\/span>\n\t\t\t\t\t\t\t\t\t\t\t\t\t<\/span>\n\t\t\t\t\t<\/button>\n\t\t\t\t<\/div>\n\t\t\t<\/div>\n\t\t<\/form>\n\t\t\t\t\t\t<\/div>\n\t\t\t\t<\/div>\n\t\t\t\t\t<\/div>\n\t\t<\/div>\n\t\t\t\t\t<\/div>\n\t\t<\/section>\n\t\t\t\t<section class=\"elementor-section elementor-top-section elementor-element elementor-element-377de6af elementor-section-stretched elementor-section-boxed elementor-section-height-default elementor-section-height-default\" data-id=\"377de6af\" data-element_type=\"section\" data-e-type=\"section\" data-settings=\"{&quot;stretch_section&quot;:&quot;section-stretched&quot;}\">\n\t\t\t\t\t\t<div class=\"elementor-container elementor-column-gap-no\">\n\t\t\t\t\t<div class=\"elementor-column elementor-col-100 elementor-top-column elementor-element elementor-element-14c68db2\" data-id=\"14c68db2\" data-element_type=\"column\" data-e-type=\"column\">\n\t\t\t<div class=\"elementor-widget-wrap elementor-element-populated\">\n\t\t\t\t\t\t<div class=\"elementor-element elementor-element-7cca84ff elementor-widget elementor-widget-google_maps\" data-id=\"7cca84ff\" data-element_type=\"widget\" data-e-type=\"widget\" data-widget_type=\"google_maps.default\">\n\t\t\t\t<div class=\"elementor-widget-container\">\n\t\t\t\t\t\t\t<div class=\"elementor-custom-embed\">\n\t\t\t<iframe loading=\"lazy\"\n\t\t\t\t\tsrc=\"https:\/\/maps.google.com\/maps?q=Rua%20Jos%C3%A9%20Higino%2C%20416%20%E2%80%93%20Tijuca%20Rio%20de%20Janeiro%20%E2%80%93%20RJ%20CEP%3A%2020510-412&#038;t=m&#038;z=12&#038;output=embed&#038;iwloc=near\"\n\t\t\t\t\ttitle=\"Rua Jos\u00e9 Higino, 416 \u2013 Tijuca Rio de Janeiro \u2013 RJ CEP: 20510-412\"\n\t\t\t\t\taria-label=\"Rua Jos\u00e9 Higino, 416 \u2013 Tijuca Rio de Janeiro \u2013 RJ CEP: 20510-412\"\n\t\t\t><\/iframe>\n\t\t<\/div>\n\t\t\t\t\t\t<\/div>\n\t\t\t\t<\/div>\n\t\t\t\t\t<\/div>\n\t\t<\/div>\n\t\t\t\t\t<\/div>\n\t\t<\/section>\n\t\t\t\t<section class=\"elementor-section elementor-top-section elementor-element elementor-element-29dac352 elementor-hidden-desktop elementor-hidden-tablet elementor-hidden-mobile elementor-section-boxed elementor-section-height-default elementor-section-height-default\" data-id=\"29dac352\" data-element_type=\"section\" data-e-type=\"section\">\n\t\t\t\t\t\t<div class=\"elementor-container elementor-column-gap-default\">\n\t\t\t\t\t<div class=\"elementor-column elementor-col-100 elementor-top-column elementor-element elementor-element-3cbd3d66\" data-id=\"3cbd3d66\" data-element_type=\"column\" data-e-type=\"column\">\n\t\t\t<div class=\"elementor-widget-wrap elementor-element-populated\">\n\t\t\t\t\t\t<div class=\"elementor-element elementor-element-807c74a elementor-widget thim-widget-gallery-images\" data-id=\"807c74a\" data-element_type=\"widget\" data-e-type=\"widget\" data-widget_type=\"thim-gallery-images.default\">\n\t\t\t\t<div class=\"elementor-widget-container\">\n\t\t\t\t\t<div class=\"thim-carousel-wrapper gallery-img not_have_color\" data-visible=\"5\" data-itemtablet=\"3\" data-autoplay=\"0\" data-navigation=\"1\" data-pagination=\"0\" data-loop=\"true\"><div class=\"item\"><a target=_self href=\"#\"><img decoding=\"async\" width=\"145\" height=\"45\" src=\"https:\/\/seminarioequatorial.com.br\/wp-content\/uploads\/2023\/11\/banner1.png\" class=\"attachment-full size-full\" alt=\"\" \/><\/a><\/div><div class=\"item\"><a target=_self href=\"#\"><img decoding=\"async\" width=\"145\" height=\"45\" src=\"https:\/\/seminarioequatorial.com.br\/wp-content\/uploads\/2023\/11\/banner2.png\" class=\"attachment-full size-full\" alt=\"\" \/><\/a><\/div><div class=\"item\"><a target=_self href=\"#\"><img decoding=\"async\" width=\"145\" height=\"45\" src=\"https:\/\/seminarioequatorial.com.br\/wp-content\/uploads\/2023\/11\/banner3-1.png\" class=\"attachment-full size-full\" alt=\"\" \/><\/a><\/div><div class=\"item\"><a target=_self href=\"#\"><img loading=\"lazy\" decoding=\"async\" width=\"145\" height=\"45\" src=\"https:\/\/seminarioequatorial.com.br\/wp-content\/uploads\/2023\/11\/banner4.png\" class=\"attachment-full size-full\" alt=\"\" \/><\/a><\/div><div class=\"item\"><a target=_self href=\"#\"><img loading=\"lazy\" decoding=\"async\" width=\"145\" height=\"45\" src=\"https:\/\/seminarioequatorial.com.br\/wp-content\/uploads\/2023\/11\/banner5.png\" class=\"attachment-full size-full\" alt=\"\" \/><\/a><\/div><div class=\"item\"><a target=_self href=\"#\"><img loading=\"lazy\" decoding=\"async\" width=\"145\" height=\"45\" src=\"https:\/\/seminarioequatorial.com.br\/wp-content\/uploads\/2023\/11\/banner6.png\" class=\"attachment-full size-full\" alt=\"\" \/><\/a><\/div><div class=\"item\"><a target=_self href=\"#\"><img loading=\"lazy\" decoding=\"async\" width=\"145\" height=\"45\" src=\"https:\/\/seminarioequatorial.com.br\/wp-content\/uploads\/2023\/11\/banner7.png\" class=\"attachment-full size-full\" alt=\"\" \/><\/a><\/div><div class=\"item\"><a target=_self href=\"#\"><img loading=\"lazy\" decoding=\"async\" width=\"145\" height=\"45\" src=\"https:\/\/seminarioequatorial.com.br\/wp-content\/uploads\/2023\/11\/banner8.png\" class=\"attachment-full size-full\" alt=\"\" \/><\/a><\/div><\/div>\t\t\t\t<\/div>\n\t\t\t\t<\/div>\n\t\t\t\t\t<\/div>\n\t\t<\/div>\n\t\t\t\t\t<\/div>\n\t\t<\/section>\n\t\t\t\t<\/div>\n\t\t","protected":false},"excerpt":{"rendered":"<p>Endere\u00e7o BR 316 Km 01, 6241, Castanheira Bel\u00e9m\/PA Contatos Telefone e WhatsApp: 0800 580 3597 Atendimento segunda a sexta das 13h \u00e0s 22h Preencha o formul\u00e1rio abaixo para que possamos conhecer melhor voc\u00ea e suas necessidades.<\/p>","protected":false},"author":1,"featured_media":0,"parent":0,"menu_order":0,"comment_status":"closed","ping_status":"closed","template":"","meta":{"pmpro_default_level":"","_joinchat":[],"footnotes":""},"class_list":["post-87","page","type-page","status-publish","hentry","pmpro-has-access"],"yoast_head":"<!-- This site is optimized with the Yoast SEO Premium plugin v27.3 (Yoast SEO v27.2) - https:\/\/yoast.com\/product\/yoast-seo-premium-wordpress\/ -->\n<title>Contato - Semin\u00e1rio Equatorial<\/title>\n<meta name=\"robots\" content=\"index, follow, max-snippet:-1, max-image-preview:large, max-video-preview:-1\" \/>\n<link rel=\"canonical\" href=\"https:\/\/seminarioequatorial.com.br\/en\/contato\/\" \/>\n<meta property=\"og:locale\" content=\"en_US\" \/>\n<meta property=\"og:type\" content=\"article\" \/>\n<meta property=\"og:title\" content=\"Contato - Semin\u00e1rio Equatorial\" \/>\n<meta property=\"og:description\" content=\"Endere\u00e7o BR 316 Km 01, 6241, Castanheira Bel\u00e9m\/PA Contatos Telefone e WhatsApp: 0800 580 3597 Atendimento segunda a sexta das 13h \u00e0s 22h Preencha o formul\u00e1rio abaixo para que possamos conhecer melhor voc\u00ea e suas necessidades.\" \/>\n<meta property=\"og:url\" content=\"https:\/\/seminarioequatorial.com.br\/en\/contato\/\" \/>\n<meta property=\"og:site_name\" content=\"Semin\u00e1rio Equatorial\" \/>\n<meta property=\"article:modified_time\" content=\"2025-11-06T14:49:21+00:00\" \/>\n<meta property=\"og:image\" content=\"https:\/\/seminarioequatorial.com.br\/wp-content\/uploads\/2023\/11\/banner1.png\" \/>\n<meta name=\"twitter:card\" content=\"summary_large_image\" \/>\n<meta name=\"twitter:label1\" content=\"Est. reading time\" \/>\n\t<meta name=\"twitter:data1\" content=\"4 minutes\" \/>\n<script type=\"application\/ld+json\" class=\"yoast-schema-graph\">{\"@context\":\"https:\/\/schema.org\",\"@graph\":[{\"@type\":\"WebPage\",\"@id\":\"https:\/\/seminarioequatorial.com.br\/contato\/\",\"url\":\"https:\/\/seminarioequatorial.com.br\/contato\/\",\"name\":\"Contato - Semin\u00e1rio Equatorial\",\"isPartOf\":{\"@id\":\"https:\/\/seminarioequatorial.com.br\/#website\"},\"primaryImageOfPage\":{\"@id\":\"https:\/\/seminarioequatorial.com.br\/contato\/#primaryimage\"},\"image\":{\"@id\":\"https:\/\/seminarioequatorial.com.br\/contato\/#primaryimage\"},\"thumbnailUrl\":\"https:\/\/seminarioequatorial.com.br\/wp-content\/uploads\/2023\/11\/banner1.png\",\"datePublished\":\"2015-10-22T03:17:26+00:00\",\"dateModified\":\"2025-11-06T14:49:21+00:00\",\"breadcrumb\":{\"@id\":\"https:\/\/seminarioequatorial.com.br\/contato\/#breadcrumb\"},\"inLanguage\":\"en-US\",\"potentialAction\":[{\"@type\":\"ReadAction\",\"target\":[\"https:\/\/seminarioequatorial.com.br\/contato\/\"]}]},{\"@type\":\"ImageObject\",\"inLanguage\":\"en-US\",\"@id\":\"https:\/\/seminarioequatorial.com.br\/contato\/#primaryimage\",\"url\":\"https:\/\/seminarioequatorial.com.br\/wp-content\/uploads\/2023\/11\/banner1.png\",\"contentUrl\":\"https:\/\/seminarioequatorial.com.br\/wp-content\/uploads\/2023\/11\/banner1.png\"},{\"@type\":\"BreadcrumbList\",\"@id\":\"https:\/\/seminarioequatorial.com.br\/contato\/#breadcrumb\",\"itemListElement\":[{\"@type\":\"ListItem\",\"position\":1,\"name\":\"In\u00edcio\",\"item\":\"https:\/\/seminarioequatorial.com.br\/\"},{\"@type\":\"ListItem\",\"position\":2,\"name\":\"Contato\"}]},{\"@type\":\"WebSite\",\"@id\":\"https:\/\/seminarioequatorial.com.br\/#website\",\"url\":\"https:\/\/seminarioequatorial.com.br\/\",\"name\":\"Semin\u00e1rio Equatorial\",\"description\":\"Faculdade Teol\u00f3gica Batista Equatorial\",\"publisher\":{\"@id\":\"https:\/\/seminarioequatorial.com.br\/#organization\"},\"potentialAction\":[{\"@type\":\"SearchAction\",\"target\":{\"@type\":\"EntryPoint\",\"urlTemplate\":\"https:\/\/seminarioequatorial.com.br\/?s={search_term_string}\"},\"query-input\":{\"@type\":\"PropertyValueSpecification\",\"valueRequired\":true,\"valueName\":\"search_term_string\"}}],\"inLanguage\":\"en-US\"},{\"@type\":\"Organization\",\"@id\":\"https:\/\/seminarioequatorial.com.br\/#organization\",\"name\":\"Semin\u00e1rio Equatorial\",\"url\":\"https:\/\/seminarioequatorial.com.br\/\",\"logo\":{\"@type\":\"ImageObject\",\"inLanguage\":\"en-US\",\"@id\":\"https:\/\/seminarioequatorial.com.br\/#\/schema\/logo\/image\/\",\"url\":\"https:\/\/seminarioequatorial.com.br\/wp-content\/uploads\/2023\/02\/Logo-marca-2.png\",\"contentUrl\":\"https:\/\/seminarioequatorial.com.br\/wp-content\/uploads\/2023\/02\/Logo-marca-2.png\",\"width\":180,\"height\":62,\"caption\":\"Semin\u00e1rio Equatorial\"},\"image\":{\"@id\":\"https:\/\/seminarioequatorial.com.br\/#\/schema\/logo\/image\/\"}}]}<\/script>\n<!-- \/ Yoast SEO Premium plugin. -->","yoast_head_json":{"title":"Contato - Semin\u00e1rio Equatorial","robots":{"index":"index","follow":"follow","max-snippet":"max-snippet:-1","max-image-preview":"max-image-preview:large","max-video-preview":"max-video-preview:-1"},"canonical":"https:\/\/seminarioequatorial.com.br\/en\/contato\/","og_locale":"en_US","og_type":"article","og_title":"Contato - Semin\u00e1rio Equatorial","og_description":"Endere\u00e7o BR 316 Km 01, 6241, Castanheira Bel\u00e9m\/PA Contatos Telefone e WhatsApp: 0800 580 3597 Atendimento segunda a sexta das 13h \u00e0s 22h Preencha o formul\u00e1rio abaixo para que possamos conhecer melhor voc\u00ea e suas necessidades.","og_url":"https:\/\/seminarioequatorial.com.br\/en\/contato\/","og_site_name":"Semin\u00e1rio Equatorial","article_modified_time":"2025-11-06T14:49:21+00:00","og_image":[{"url":"https:\/\/seminarioequatorial.com.br\/wp-content\/uploads\/2023\/11\/banner1.png","type":"","width":"","height":""}],"twitter_card":"summary_large_image","twitter_misc":{"Est. reading time":"4 minutes"},"schema":{"@context":"https:\/\/schema.org","@graph":[{"@type":"WebPage","@id":"https:\/\/seminarioequatorial.com.br\/contato\/","url":"https:\/\/seminarioequatorial.com.br\/contato\/","name":"Contato - Semin\u00e1rio Equatorial","isPartOf":{"@id":"https:\/\/seminarioequatorial.com.br\/#website"},"primaryImageOfPage":{"@id":"https:\/\/seminarioequatorial.com.br\/contato\/#primaryimage"},"image":{"@id":"https:\/\/seminarioequatorial.com.br\/contato\/#primaryimage"},"thumbnailUrl":"https:\/\/seminarioequatorial.com.br\/wp-content\/uploads\/2023\/11\/banner1.png","datePublished":"2015-10-22T03:17:26+00:00","dateModified":"2025-11-06T14:49:21+00:00","breadcrumb":{"@id":"https:\/\/seminarioequatorial.com.br\/contato\/#breadcrumb"},"inLanguage":"en-US","potentialAction":[{"@type":"ReadAction","target":["https:\/\/seminarioequatorial.com.br\/contato\/"]}]},{"@type":"ImageObject","inLanguage":"en-US","@id":"https:\/\/seminarioequatorial.com.br\/contato\/#primaryimage","url":"https:\/\/seminarioequatorial.com.br\/wp-content\/uploads\/2023\/11\/banner1.png","contentUrl":"https:\/\/seminarioequatorial.com.br\/wp-content\/uploads\/2023\/11\/banner1.png"},{"@type":"BreadcrumbList","@id":"https:\/\/seminarioequatorial.com.br\/contato\/#breadcrumb","itemListElement":[{"@type":"ListItem","position":1,"name":"In\u00edcio","item":"https:\/\/seminarioequatorial.com.br\/"},{"@type":"ListItem","position":2,"name":"Contato"}]},{"@type":"WebSite","@id":"https:\/\/seminarioequatorial.com.br\/#website","url":"https:\/\/seminarioequatorial.com.br\/","name":"Semin\u00e1rio Equatorial","description":"Faculdade Teol\u00f3gica Batista Equatorial","publisher":{"@id":"https:\/\/seminarioequatorial.com.br\/#organization"},"potentialAction":[{"@type":"SearchAction","target":{"@type":"EntryPoint","urlTemplate":"https:\/\/seminarioequatorial.com.br\/?s={search_term_string}"},"query-input":{"@type":"PropertyValueSpecification","valueRequired":true,"valueName":"search_term_string"}}],"inLanguage":"en-US"},{"@type":"Organization","@id":"https:\/\/seminarioequatorial.com.br\/#organization","name":"Semin\u00e1rio Equatorial","url":"https:\/\/seminarioequatorial.com.br\/","logo":{"@type":"ImageObject","inLanguage":"en-US","@id":"https:\/\/seminarioequatorial.com.br\/#\/schema\/logo\/image\/","url":"https:\/\/seminarioequatorial.com.br\/wp-content\/uploads\/2023\/02\/Logo-marca-2.png","contentUrl":"https:\/\/seminarioequatorial.com.br\/wp-content\/uploads\/2023\/02\/Logo-marca-2.png","width":180,"height":62,"caption":"Semin\u00e1rio Equatorial"},"image":{"@id":"https:\/\/seminarioequatorial.com.br\/#\/schema\/logo\/image\/"}}]}},"_links":{"self":[{"href":"https:\/\/seminarioequatorial.com.br\/en\/wp-json\/wp\/v2\/pages\/87","targetHints":{"allow":["GET"]}}],"collection":[{"href":"https:\/\/seminarioequatorial.com.br\/en\/wp-json\/wp\/v2\/pages"}],"about":[{"href":"https:\/\/seminarioequatorial.com.br\/en\/wp-json\/wp\/v2\/types\/page"}],"author":[{"embeddable":true,"href":"https:\/\/seminarioequatorial.com.br\/en\/wp-json\/wp\/v2\/users\/1"}],"replies":[{"embeddable":true,"href":"https:\/\/seminarioequatorial.com.br\/en\/wp-json\/wp\/v2\/comments?post=87"}],"version-history":[{"count":36,"href":"https:\/\/seminarioequatorial.com.br\/en\/wp-json\/wp\/v2\/pages\/87\/revisions"}],"predecessor-version":[{"id":24344,"href":"https:\/\/seminarioequatorial.com.br\/en\/wp-json\/wp\/v2\/pages\/87\/revisions\/24344"}],"wp:attachment":[{"href":"https:\/\/seminarioequatorial.com.br\/en\/wp-json\/wp\/v2\/media?parent=87"}],"curies":[{"name":"wp","href":"https:\/\/api.w.org\/{rel}","templated":true}]}}